{"id":3142,"date":"2022-07-25T12:31:15","date_gmt":"2022-07-25T12:31:15","guid":{"rendered":"https:\/\/quiratrestaurant.com\/pagina-ejemplo\/"},"modified":"2025-06-22T15:59:50","modified_gmt":"2025-06-22T15:59:50","slug":"pagina-ejemplo","status":"publish","type":"page","link":"https:\/\/quiratrestaurant.com\/ca\/","title":{"rendered":"Inici"},"content":{"rendered":"\t\t<div data-elementor-type=\"wp-page\" data-elementor-id=\"3142\" class=\"elementor elementor-3142 elementor-42\">\n\t\t\t\t\t\t\t\t\t<section class=\"elementor-section elementor-top-section elementor-element elementor-element-3debf7b9 elementor-section-full_width elementor-section-height-min-height elementor-section-stretched elementor-section-content-middle section-div elementor-section-height-default elementor-section-items-middle\" data-id=\"3debf7b9\" data-element_type=\"section\" id=\"section-one\" data-settings=\"{&quot;stretch_section&quot;:&quot;section-stretched&quot;,&quot;background_background&quot;:&quot;video&quot;,&quot;background_video_link&quot;:&quot;\\\/wp-content\\\/uploads\\\/2022\\\/08\\\/20220622-Quirat-V4-5.m4v&quot;}\">\n\t\t\t\t\t\t\t\t<div class=\"elementor-background-video-container elementor-hidden-phone\">\n\t\t\t\t\t\t\t\t\t\t\t\t\t<video class=\"elementor-background-video-hosted elementor-html5-video\" autoplay muted playsinline loop><\/video>\n\t\t\t\t\t\t\t\t\t\t\t<\/div>\n\t\t\t\t\t\t\t\t<div class=\"elementor-container elementor-column-gap-default\">\n\t\t\t\t\t<div class=\"elementor-column elementor-col-100 elementor-top-column elementor-element elementor-element-1c333d8c\" data-id=\"1c333d8c\" data-element_type=\"column\">\n\t\t\t<div class=\"elementor-widget-wrap elementor-element-populated\">\n\t\t\t\t\t\t\t\t<div class=\"elementor-element elementor-element-172760e animated-slow elementor-widget__width-inherit elementor-invisible elementor-widget elementor-widget-image\" data-id=\"172760e\" data-element_type=\"widget\" data-settings=\"{&quot;_animation&quot;:&quot;zoomIn&quot;}\" data-widget_type=\"image.default\">\n\t\t\t\t<div class=\"elementor-widget-container\">\n\t\t\t<style>\/*! elementor - v3.18.0 - 20-12-2023 *\/\n.elementor-widget-image{text-align:center}.elementor-widget-image a{display:inline-block}.elementor-widget-image a img[src$=\".svg\"]{width:48px}.elementor-widget-image img{vertical-align:middle;display:inline-block}<\/style>\t\t\t\t\t\t\t\t\t\t\t\t<img fetchpriority=\"high\" decoding=\"async\" width=\"1440\" height=\"238\" src=\"https:\/\/quiratrestaurant.com\/wp-content\/uploads\/2022\/07\/Quirat.svg\" class=\"attachment-full size-full wp-image-3343\" alt=\"\" \/>\t\t\t\t\t\t\t\t\t\t\t\t\t\t\t<\/div>\n\t\t\t\t<\/div>\n\t\t\t\t<div class=\"elementor-element elementor-element-96ac7f0 animated-slow elementor-invisible elementor-widget elementor-widget-heading\" data-id=\"96ac7f0\" data-element_type=\"widget\" data-settings=\"{&quot;_animation&quot;:&quot;zoomIn&quot;}\" data-widget_type=\"heading.default\">\n\t\t\t\t<div class=\"elementor-widget-container\">\n\t\t\t<style>\/*! elementor - v3.18.0 - 20-12-2023 *\/\n.elementor-heading-title{padding:0;margin:0;line-height:1}.elementor-widget-heading .elementor-heading-title[class*=elementor-size-]>a{color:inherit;font-size:inherit;line-height:inherit}.elementor-widget-heading .elementor-heading-title.elementor-size-small{font-size:15px}.elementor-widget-heading .elementor-heading-title.elementor-size-medium{font-size:19px}.elementor-widget-heading .elementor-heading-title.elementor-size-large{font-size:29px}.elementor-widget-heading .elementor-heading-title.elementor-size-xl{font-size:39px}.elementor-widget-heading .elementor-heading-title.elementor-size-xxl{font-size:59px}<\/style><p class=\"elementor-heading-title elementor-size-default\">ESTRELLA MICHELIN 2025<\/p>\t\t<\/div>\n\t\t\t\t<\/div>\n\t\t\t\t<div class=\"elementor-element elementor-element-cc6ba82 elementor-mobile-align-center elementor-hidden-desktop pause elementor-widget elementor-widget-button\" data-id=\"cc6ba82\" data-element_type=\"widget\" id=\"play-button\" data-widget_type=\"button.default\">\n\t\t\t\t<div class=\"elementor-widget-container\">\n\t\t\t\t\t<div class=\"elementor-button-wrapper\">\n\t\t\t<a class=\"elementor-button elementor-button-link elementor-size-xs\" href=\"#\">\n\t\t\t\t\t\t<span class=\"elementor-button-content-wrapper\">\n\t\t\t\t\t\t<span class=\"elementor-button-text\"><\/span>\n\t\t<\/span>\n\t\t\t\t\t<\/a>\n\t\t<\/div>\n\t\t\t\t<\/div>\n\t\t\t\t<\/div>\n\t\t\t\t\t<\/div>\n\t\t<\/div>\n\t\t\t\t\t\t\t<\/div>\n\t\t<\/section>\n\t\t\t\t<section class=\"elementor-section elementor-top-section elementor-element elementor-element-c688f86 elementor-section-full_width elementor-section-stretched elementor-section-height-default elementor-section-height-default\" data-id=\"c688f86\" data-element_type=\"section\" data-settings=\"{&quot;stretch_section&quot;:&quot;section-stretched&quot;}\">\n\t\t\t\t\t\t<div class=\"elementor-container elementor-column-gap-default\">\n\t\t\t\t\t<div class=\"elementor-column elementor-col-100 elementor-top-column elementor-element elementor-element-ff42d81\" data-id=\"ff42d81\" data-element_type=\"column\">\n\t\t\t<div class=\"elementor-widget-wrap elementor-element-populated\">\n\t\t\t\t\t\t\t\t<div class=\"elementor-element elementor-element-5288acd toggle_mute elementor-view-framed elementor-shape-circle elementor-widget elementor-widget-icon\" data-id=\"5288acd\" data-element_type=\"widget\" data-widget_type=\"icon.default\">\n\t\t\t\t<div class=\"elementor-widget-container\">\n\t\t\t\t\t<div class=\"elementor-icon-wrapper\">\n\t\t\t<div class=\"elementor-icon\">\n\t\t\t\t\t\t<\/div>\n\t\t<\/div>\n\t\t\t\t<\/div>\n\t\t\t\t<\/div>\n\t\t\t\t\t<\/div>\n\t\t<\/div>\n\t\t\t\t\t\t\t<\/div>\n\t\t<\/section>\n\t\t\t\t<section class=\"elementor-section elementor-top-section elementor-element elementor-element-df82f51 elementor-section-full_width elementor-section-height-min-height elementor-section-stretched elementor-section-content-middle elementor-section-items-top section-div elementor-section-height-default\" data-id=\"df82f51\" data-element_type=\"section\" id=\"section-two\" data-settings=\"{&quot;stretch_section&quot;:&quot;section-stretched&quot;,&quot;background_background&quot;:&quot;classic&quot;}\">\n\t\t\t\t\t\t<div class=\"elementor-container elementor-column-gap-default\">\n\t\t\t\t\t<div class=\"elementor-column elementor-col-100 elementor-top-column elementor-element elementor-element-e0c9055\" data-id=\"e0c9055\" data-element_type=\"column\">\n\t\t\t<div class=\"elementor-widget-wrap elementor-element-populated\">\n\t\t\t\t\t\t\t\t<div class=\"elementor-element elementor-element-72f0ac6 elementor-widget elementor-widget-heading\" data-id=\"72f0ac6\" data-element_type=\"widget\" data-settings=\"{&quot;_animation&quot;:&quot;none&quot;}\" data-widget_type=\"heading.default\">\n\t\t\t\t<div class=\"elementor-widget-container\">\n\t\t\t<p class=\"elementor-heading-title elementor-size-default\">La cuina en estat pur<\/p>\t\t<\/div>\n\t\t\t\t<\/div>\n\t\t\t\t<div class=\"elementor-element elementor-element-9e90c50 elementor-widget__width-initial elementor-widget-mobile__width-initial elementor-widget elementor-widget-text-editor\" data-id=\"9e90c50\" data-element_type=\"widget\" data-widget_type=\"text-editor.default\">\n\t\t\t\t<div class=\"elementor-widget-container\">\n\t\t\t<style>\/*! elementor - v3.18.0 - 20-12-2023 *\/\n.elementor-widget-text-editor.elementor-drop-cap-view-stacked .elementor-drop-cap{background-color:#69727d;color:#fff}.elementor-widget-text-editor.elementor-drop-cap-view-framed .elementor-drop-cap{color:#69727d;border:3px solid;background-color:transparent}.elementor-widget-text-editor:not(.elementor-drop-cap-view-default) .elementor-drop-cap{margin-top:8px}.elementor-widget-text-editor:not(.elementor-drop-cap-view-default) .elementor-drop-cap-letter{width:1em;height:1em}.elementor-widget-text-editor .elementor-drop-cap{float:left;text-align:center;line-height:1;font-size:50px}.elementor-widget-text-editor .elementor-drop-cap-letter{display:inline-block}<\/style>\t\t\t\t<p>A Quirat, extraiem la puresa i l\u2019ess\u00e8ncia dels <br \/>aliments per brindar-te una experi\u00e8ncia <br \/>gastron\u00f2mica \u00fanica. Basada en l&#8217;excel\u00b7l\u00e8ncia dels productes, la <br \/>nostra cuina d&#8217;autor respecta els <br \/>elements de la terra per crear i elevar la connexi\u00f3 <br \/>entre aquests i els teus sentits.&#8221;<\/p>\t\t\t\t\t\t<\/div>\n\t\t\t\t<\/div>\n\t\t\t\t<div class=\"elementor-element elementor-element-3a48862 transparent-oct-border elementor-widget elementor-widget-button\" data-id=\"3a48862\" data-element_type=\"widget\" data-widget_type=\"button.default\">\n\t\t\t\t<div class=\"elementor-widget-container\">\n\t\t\t\t\t<div class=\"elementor-button-wrapper\">\n\t\t\t<a class=\"elementor-button elementor-button-link elementor-size-sm\" href=\"https:\/\/quiratrestaurant.com\/gastronomia\/\">\n\t\t\t\t\t\t<span class=\"elementor-button-content-wrapper\">\n\t\t\t\t\t\t<span class=\"elementor-button-text\">Veure les creacions gastron\u00f2miques<\/span>\n\t\t<\/span>\n\t\t\t\t\t<\/a>\n\t\t<\/div>\n\t\t\t\t<\/div>\n\t\t\t\t<\/div>\n\t\t\t\t<div class=\"elementor-element elementor-element-eae6a73 elementor-widget elementor-widget-html\" data-id=\"eae6a73\" data-element_type=\"widget\" data-widget_type=\"html.default\">\n\t\t\t\t<div class=\"elementor-widget-container\">\n\t\t\t<style>.btn-reservar {\n  display: inline-block;\n  background-color: #E1A325;\n  color: #111; \/* Negro suave *\/\n  font-family: 'Comfortaa', sans-serif;\n  font-size: 12px;\n  font-weight: 400;\n  padding: 12px 21px;\n  text-align: center;\n  text-decoration: none;\n  clip-path: polygon(10% 0%, 90% 0%, 100% 20%, 100% 80%, 90% 100%, 10% 100%, 0% 80%, 0% 20%);\n  transition: background-color 0.3s ease, color 0.3s ease;\n}\n\n.btn-reservar:hover {\n  background-color: #fff;\n  color: #E1A325;\n  cursor: pointer;\n}\n<\/style>\n<a href=\"https:\/\/widget.thefork.com\/es\/f66ab35a-dd81-4832-8a63-1bb0104af32c?utm_source=quiratrestaurant.com\" class=\"btn-reservar\" target=\"_blank\" rel=\"noopener\">\n  RESERVAR\n<\/a>\t\t<\/div>\n\t\t\t\t<\/div>\n\t\t\t\t\t<\/div>\n\t\t<\/div>\n\t\t\t\t\t\t\t<\/div>\n\t\t<\/section>\n\t\t\t\t<section class=\"elementor-section elementor-top-section elementor-element elementor-element-7ddd864 elementor-section-full_width elementor-section-height-min-height elementor-section-stretched elementor-section-items-top section-div elementor-section-height-default\" data-id=\"7ddd864\" data-element_type=\"section\" id=\"section-three\" data-settings=\"{&quot;stretch_section&quot;:&quot;section-stretched&quot;,&quot;background_background&quot;:&quot;classic&quot;}\">\n\t\t\t\t\t\t<div class=\"elementor-container elementor-column-gap-default\">\n\t\t\t\t\t<div class=\"elementor-column elementor-col-100 elementor-top-column elementor-element elementor-element-adfdca7\" data-id=\"adfdca7\" data-element_type=\"column\" data-settings=\"{&quot;background_background&quot;:&quot;classic&quot;}\">\n\t\t\t<div class=\"elementor-widget-wrap elementor-element-populated\">\n\t\t\t\t\t\t\t\t<div class=\"elementor-element elementor-element-59f36d1 elementor-widget-mobile__width-initial elementor-widget elementor-widget-heading\" data-id=\"59f36d1\" data-element_type=\"widget\" data-settings=\"{&quot;_animation&quot;:&quot;none&quot;}\" data-widget_type=\"heading.default\">\n\t\t\t\t<div class=\"elementor-widget-container\">\n\t\t\t<p class=\"elementor-heading-title elementor-size-default\">Ambaixadors de les seves denominacions d'origen<\/p>\t\t<\/div>\n\t\t\t\t<\/div>\n\t\t\t\t<div class=\"elementor-element elementor-element-173103c elementor-widget__width-initial elementor-widget-mobile__width-initial elementor-widget elementor-widget-text-editor\" data-id=\"173103c\" data-element_type=\"widget\" data-widget_type=\"text-editor.default\">\n\t\t\t\t<div class=\"elementor-widget-container\">\n\t\t\t\t\t\t\t<p>La nostra selecci\u00f3 de vins instiga un di\u00e0leg entre el <br \/>territori d&#8217;origen i el paladar, oferint-te una <br \/>experi\u00e8ncia sensorial amb cos i \u00e0nima.\u00a0<\/p>\t\t\t\t\t\t<\/div>\n\t\t\t\t<\/div>\n\t\t\t\t<div class=\"elementor-element elementor-element-5d07d22 transparent-oct-border elementor-widget elementor-widget-button\" data-id=\"5d07d22\" data-element_type=\"widget\" data-widget_type=\"button.default\">\n\t\t\t\t<div class=\"elementor-widget-container\">\n\t\t\t\t\t<div class=\"elementor-button-wrapper\">\n\t\t\t<a class=\"elementor-button elementor-button-link elementor-size-sm\" href=\"https:\/\/quiratrestaurant.com\/enologia\/\">\n\t\t\t\t\t\t<span class=\"elementor-button-content-wrapper\">\n\t\t\t\t\t\t<span class=\"elementor-button-text\">Veure la carta de vins<\/span>\n\t\t<\/span>\n\t\t\t\t\t<\/a>\n\t\t<\/div>\n\t\t\t\t<\/div>\n\t\t\t\t<\/div>\n\t\t\t\t\t<\/div>\n\t\t<\/div>\n\t\t\t\t\t\t\t<\/div>\n\t\t<\/section>\n\t\t\t\t<section class=\"elementor-section elementor-top-section elementor-element elementor-element-7f975f8 elementor-section-full_width elementor-section-height-min-height elementor-section-stretched elementor-section-items-top section-div elementor-section-height-default\" data-id=\"7f975f8\" data-element_type=\"section\" id=\"section-four\" data-settings=\"{&quot;stretch_section&quot;:&quot;section-stretched&quot;,&quot;background_background&quot;:&quot;classic&quot;}\">\n\t\t\t\t\t\t<div class=\"elementor-container elementor-column-gap-default\">\n\t\t\t\t\t<div class=\"elementor-column elementor-col-100 elementor-top-column elementor-element elementor-element-00fd68a\" data-id=\"00fd68a\" data-element_type=\"column\">\n\t\t\t<div class=\"elementor-widget-wrap elementor-element-populated\">\n\t\t\t\t\t\t\t\t<div class=\"elementor-element elementor-element-24ac90b elementor-widget elementor-widget-heading\" data-id=\"24ac90b\" data-element_type=\"widget\" data-settings=\"{&quot;_animation&quot;:&quot;none&quot;}\" data-widget_type=\"heading.default\">\n\t\t\t\t<div class=\"elementor-widget-container\">\n\t\t\t<p class=\"elementor-heading-title elementor-size-default\">L'equip que marca la difer\u00e8ncia<\/p>\t\t<\/div>\n\t\t\t\t<\/div>\n\t\t\t\t<div class=\"elementor-element elementor-element-9ff5277 elementor-widget__width-initial elementor-widget-mobile__width-initial elementor-widget elementor-widget-text-editor\" data-id=\"9ff5277\" data-element_type=\"widget\" data-widget_type=\"text-editor.default\">\n\t\t\t\t<div class=\"elementor-widget-container\">\n\t\t\t\t\t\t\t<p>Liderat per V\u00edctor Torres i guiat pel seu mestratge, <br \/>el nostre equip est\u00e0 format per experts gastron\u00f2mics <br \/>dedicats a extreure i espr\u00e9mer la subtilesa i l\u2019eleg\u00e0ncia <br \/>de cada producte que ens brinda la terra.<\/p>\t\t\t\t\t\t<\/div>\n\t\t\t\t<\/div>\n\t\t\t\t<div class=\"elementor-element elementor-element-27d9c93 transparent-oct-border elementor-widget elementor-widget-button\" data-id=\"27d9c93\" data-element_type=\"widget\" data-widget_type=\"button.default\">\n\t\t\t\t<div class=\"elementor-widget-container\">\n\t\t\t\t\t<div class=\"elementor-button-wrapper\">\n\t\t\t<a class=\"elementor-button elementor-button-link elementor-size-sm\" href=\"https:\/\/quiratrestaurant.com\/equipo\/\">\n\t\t\t\t\t\t<span class=\"elementor-button-content-wrapper\">\n\t\t\t\t\t\t<span class=\"elementor-button-text\">Veure l\u2019equip<\/span>\n\t\t<\/span>\n\t\t\t\t\t<\/a>\n\t\t<\/div>\n\t\t\t\t<\/div>\n\t\t\t\t<\/div>\n\t\t\t\t\t<\/div>\n\t\t<\/div>\n\t\t\t\t\t\t\t<\/div>\n\t\t<\/section>\n\t\t\t\t<section class=\"elementor-section elementor-top-section elementor-element elementor-element-6b54459 elementor-section-full_width elementor-section-stretched elementor-section-height-default elementor-section-height-default\" data-id=\"6b54459\" data-element_type=\"section\" data-settings=\"{&quot;background_background&quot;:&quot;classic&quot;,&quot;stretch_section&quot;:&quot;section-stretched&quot;}\">\n\t\t\t\t\t\t<div class=\"elementor-container elementor-column-gap-default\">\n\t\t\t\t\t<div class=\"elementor-column elementor-col-100 elementor-top-column elementor-element elementor-element-1d44825\" data-id=\"1d44825\" data-element_type=\"column\">\n\t\t\t<div class=\"elementor-widget-wrap elementor-element-populated\">\n\t\t\t\t\t\t\t\t<div class=\"elementor-element elementor-element-214802a elementor-widget__width-auto elementor-widget elementor-widget-html\" data-id=\"214802a\" data-element_type=\"widget\" data-widget_type=\"html.default\">\n\t\t\t\t<div class=\"elementor-widget-container\">\n\t\t\t<style>.btn-reservar {\n  display: inline-block;\n  background-color: #E1A325;\n  color: #111; \/* Negro suave *\/\n  font-family: 'Comfortaa', sans-serif;\n  font-size: 14px;\n  font-weight: 400;\n  padding: 12px 21px;\n  text-align: center;\n  text-decoration: none;\n  clip-path: polygon(10% 0%, 90% 0%, 100% 20%, 100% 80%, 90% 100%, 10% 100%, 0% 80%, 0% 20%);\n  transition: background-color 0.3s ease, color 0.3s ease;\n}\n\n.btn-reservar:hover {\n  background-color: #fff;\n  color: #E1A325;\n  cursor: pointer;\n}\n<\/style>\n<a href=\"https:\/\/widget.thefork.com\/es\/f66ab35a-dd81-4832-8a63-1bb0104af32c?utm_source=quiratrestaurant.com\" class=\"btn-reservar\" target=\"_blank\" rel=\"noopener\">\n  RESERVAR\n<\/a>\t\t<\/div>\n\t\t\t\t<\/div>\n\t\t\t\t\t<\/div>\n\t\t<\/div>\n\t\t\t\t\t\t\t<\/div>\n\t\t<\/section>\n\t\t\t\t\t\t\t<\/div>\n\t\t","protected":false},"excerpt":{"rendered":"<p>ESTRELLA MICHELIN 2025 La cuina en estat pur A Quirat, extraiem la puresa i l\u2019ess\u00e8ncia dels aliments per brindar-te una experi\u00e8ncia gastron\u00f2mica \u00fanica. Basada en l&#8217;excel\u00b7l\u00e8ncia dels productes, la nostra cuina d&#8217;autor respecta els elements de la terra per crear i elevar la connexi\u00f3 entre aquests i els teus sentits.&#8221; Veure les creacions gastron\u00f2miques RESERVAR &#8230; <a title=\"Inici\" class=\"read-more\" href=\"https:\/\/quiratrestaurant.com\/ca\/\" aria-label=\"M\u00e9s sobre Inici\">Llegiu m\u00e9s<\/a><\/p>\n","protected":false},"author":1,"featured_media":0,"parent":0,"menu_order":0,"comment_status":"closed","ping_status":"open","template":"templates\/global.php","meta":{"inline_featured_image":false},"acf":[],"_links":{"self":[{"href":"https:\/\/quiratrestaurant.com\/ca\/wp-json\/wp\/v2\/pages\/3142"}],"collection":[{"href":"https:\/\/quiratrestaurant.com\/ca\/wp-json\/wp\/v2\/pages"}],"about":[{"href":"https:\/\/quiratrestaurant.com\/ca\/wp-json\/wp\/v2\/types\/page"}],"author":[{"embeddable":true,"href":"https:\/\/quiratrestaurant.com\/ca\/wp-json\/wp\/v2\/users\/1"}],"replies":[{"embeddable":true,"href":"https:\/\/quiratrestaurant.com\/ca\/wp-json\/wp\/v2\/comments?post=3142"}],"version-history":[{"count":34,"href":"https:\/\/quiratrestaurant.com\/ca\/wp-json\/wp\/v2\/pages\/3142\/revisions"}],"predecessor-version":[{"id":7173,"href":"https:\/\/quiratrestaurant.com\/ca\/wp-json\/wp\/v2\/pages\/3142\/revisions\/7173"}],"wp:attachment":[{"href":"https:\/\/quiratrestaurant.com\/ca\/wp-json\/wp\/v2\/media?parent=3142"}],"curies":[{"name":"wp","href":"https:\/\/api.w.org\/{rel}","templated":true}]}}