{"id":3169,"date":"2022-08-05T10:37:25","date_gmt":"2022-08-05T10:37:25","guid":{"rendered":"https:\/\/quiratrestaurant.com\/gastronomia\/"},"modified":"2026-03-18T12:32:36","modified_gmt":"2026-03-18T12:32:36","slug":"gastronomia","status":"publish","type":"page","link":"https:\/\/quiratrestaurant.com\/ca\/gastronomia\/","title":{"rendered":"MEN\u00da"},"content":{"rendered":"\t\t<div data-elementor-type=\"wp-page\" data-elementor-id=\"3169\" class=\"elementor elementor-3169 elementor-622\">\n\t\t\t\t\t\t\t\t\t<section class=\"elementor-section elementor-top-section elementor-element elementor-element-1805cbf elementor-section-full_width elementor-section-stretched elementor-section-height-default elementor-section-height-default\" data-id=\"1805cbf\" data-element_type=\"section\" data-settings=\"{&quot;stretch_section&quot;:&quot;section-stretched&quot;}\">\n\t\t\t\t\t\t<div class=\"elementor-container elementor-column-gap-default\">\n\t\t\t\t\t<div class=\"elementor-column elementor-col-50 elementor-top-column elementor-element elementor-element-4303400\" data-id=\"4303400\" data-element_type=\"column\">\n\t\t\t<div class=\"elementor-widget-wrap elementor-element-populated\">\n\t\t\t\t\t\t\t\t<div class=\"elementor-element elementor-element-a9fb79b w100 animated-fast elementor-invisible elementor-widget elementor-widget-image\" data-id=\"a9fb79b\" data-element_type=\"widget\" data-settings=\"{&quot;_animation&quot;:&quot;slideInLeft&quot;}\" data-widget_type=\"image.default\">\n\t\t\t\t<div class=\"elementor-widget-container\">\n\t\t\t<style>\/*! elementor - v3.18.0 - 20-12-2023 *\/\n.elementor-widget-image{text-align:center}.elementor-widget-image a{display:inline-block}.elementor-widget-image a img[src$=\".svg\"]{width:48px}.elementor-widget-image img{vertical-align:middle;display:inline-block}<\/style>\t\t\t\t\t\t\t\t\t\t\t\t<img decoding=\"async\" src=\"https:\/\/quiratrestaurant.com\/wp-content\/uploads\/2022\/11\/QUIRAT_OCT_8.jpg\" title=\"QUIRAT_OCT_8\" alt=\"QUIRAT_OCT_8\" loading=\"lazy\" \/>\t\t\t\t\t\t\t\t\t\t\t\t\t\t\t<\/div>\n\t\t\t\t<\/div>\n\t\t\t\t\t<\/div>\n\t\t<\/div>\n\t\t\t\t<div class=\"elementor-column elementor-col-50 elementor-top-column elementor-element elementor-element-240626f\" data-id=\"240626f\" data-element_type=\"column\">\n\t\t\t<div class=\"elementor-widget-wrap elementor-element-populated\">\n\t\t\t\t\t\t\t\t<div class=\"elementor-element elementor-element-f864bc3 elementor-invisible elementor-widget elementor-widget-heading\" data-id=\"f864bc3\" data-element_type=\"widget\" data-settings=\"{&quot;_animation&quot;:&quot;slideInRight&quot;}\" data-widget_type=\"heading.default\">\n\t\t\t\t<div class=\"elementor-widget-container\">\n\t\t\t<style>\/*! elementor - v3.18.0 - 20-12-2023 *\/\n.elementor-heading-title{padding:0;margin:0;line-height:1}.elementor-widget-heading .elementor-heading-title[class*=elementor-size-]>a{color:inherit;font-size:inherit;line-height:inherit}.elementor-widget-heading .elementor-heading-title.elementor-size-small{font-size:15px}.elementor-widget-heading .elementor-heading-title.elementor-size-medium{font-size:19px}.elementor-widget-heading .elementor-heading-title.elementor-size-large{font-size:29px}.elementor-widget-heading .elementor-heading-title.elementor-size-xl{font-size:39px}.elementor-widget-heading .elementor-heading-title.elementor-size-xxl{font-size:59px}<\/style><h2 class=\"elementor-heading-title elementor-size-default\">Seguim el cicle natural de la vida<\/h2>\t\t<\/div>\n\t\t\t\t<\/div>\n\t\t\t\t<div class=\"elementor-element elementor-element-0b2ed42 elementor-widget__width-initial elementor-invisible elementor-widget elementor-widget-text-editor\" data-id=\"0b2ed42\" data-element_type=\"widget\" data-settings=\"{&quot;_animation&quot;:&quot;slideInRight&quot;}\" data-widget_type=\"text-editor.default\">\n\t\t\t\t<div class=\"elementor-widget-container\">\n\t\t\t<style>\/*! elementor - v3.18.0 - 20-12-2023 *\/\n.elementor-widget-text-editor.elementor-drop-cap-view-stacked .elementor-drop-cap{background-color:#69727d;color:#fff}.elementor-widget-text-editor.elementor-drop-cap-view-framed .elementor-drop-cap{color:#69727d;border:3px solid;background-color:transparent}.elementor-widget-text-editor:not(.elementor-drop-cap-view-default) .elementor-drop-cap{margin-top:8px}.elementor-widget-text-editor:not(.elementor-drop-cap-view-default) .elementor-drop-cap-letter{width:1em;height:1em}.elementor-widget-text-editor .elementor-drop-cap{float:left;text-align:center;line-height:1;font-size:50px}.elementor-widget-text-editor .elementor-drop-cap-letter{display:inline-block}<\/style>\t\t\t\t<p>La nostra carta respon a les diferents temporades i <br \/>presenta exclusives interpretacions d&#8217;autor creades per V\u00edctor Torres.<\/p><p><br \/>Guiats pel respecte a la terra, les nostres creacions <br \/>culin\u00e0ries estan elaborades amb productes de proximitat per oferir-te una gastronomia sostenible.<\/p>\t\t\t\t\t\t<\/div>\n\t\t\t\t<\/div>\n\t\t\t\t\t<\/div>\n\t\t<\/div>\n\t\t\t\t\t\t\t<\/div>\n\t\t<\/section>\n\t\t\t\t<section class=\"elementor-section elementor-top-section elementor-element elementor-element-975fbca elementor-section-full_width elementor-section-height-min-height elementor-section-stretched elementor-reverse-tablet elementor-reverse-mobile elementor-section-height-default elementor-section-items-middle\" data-id=\"975fbca\" data-element_type=\"section\" data-settings=\"{&quot;stretch_section&quot;:&quot;section-stretched&quot;}\">\n\t\t\t\t\t\t<div class=\"elementor-container elementor-column-gap-default\">\n\t\t\t\t\t<div class=\"elementor-column elementor-col-50 elementor-top-column elementor-element elementor-element-39ba5f5 elementor-invisible\" data-id=\"39ba5f5\" data-element_type=\"column\" data-settings=\"{&quot;animation&quot;:&quot;slideInUp&quot;}\">\n\t\t\t<div class=\"elementor-widget-wrap elementor-element-populated\">\n\t\t\t\t\t\t\t\t<div class=\"elementor-element elementor-element-a29e307 elementor-widget elementor-widget-heading\" data-id=\"a29e307\" data-element_type=\"widget\" data-widget_type=\"heading.default\">\n\t\t\t\t<div class=\"elementor-widget-container\">\n\t\t\t<h2 class=\"elementor-heading-title elementor-size-default\">Men\u00fa 24K<\/h2>\t\t<\/div>\n\t\t\t\t<\/div>\n\t\t\t\t<div class=\"elementor-element elementor-element-8fec3c8 elementor-widget elementor-widget-text-editor\" data-id=\"8fec3c8\" data-element_type=\"widget\" data-widget_type=\"text-editor.default\">\n\t\t\t\t<div class=\"elementor-widget-container\">\n\t\t\t\t\t\t\t<p>Vermut de Ceps<\/p><p>Calamar, arrels i caviar<\/p><p>Bunyol de bacall\u00e0<\/p><p>Xurro de porc<\/p><p>Carxofa, favetes, clo\u00efsses amb salsa verda<\/p><p>Conill i ceba<\/p><p>Foie, escabetx i mongeta del ganxet<\/p><p>Ravioli de pollastre de corral i llam\u00e0ntol<\/p><p>Escorpora, p\u00e8sol del maresme, garota i ametlla<\/p><p>Arr\u00f2s melos de butifarra negra i vieira<\/p><p>Civet de c\u00e9rvol, remolatxa i xirivia<\/p><p>Xuxo<\/p><p>Mel i mat\u00f3<\/p><p>Carquinyoli<\/p>\t\t\t\t\t\t<\/div>\n\t\t\t\t<\/div>\n\t\t\t\t<div class=\"elementor-element elementor-element-031a7e2 elementor-widget__width-auto elementor-widget elementor-widget-heading\" data-id=\"031a7e2\" data-element_type=\"widget\" data-widget_type=\"heading.default\">\n\t\t\t\t<div class=\"elementor-widget-container\">\n\t\t\t<p class=\"elementor-heading-title elementor-size-default\">160 \u20ac<\/p>\t\t<\/div>\n\t\t\t\t<\/div>\n\t\t\t\t<div class=\"elementor-element elementor-element-fe70c27 elementor-widget elementor-widget-text-editor\" data-id=\"fe70c27\" data-element_type=\"widget\" data-widget_type=\"text-editor.default\">\n\t\t\t\t<div class=\"elementor-widget-container\">\n\t\t\t\t\t\t\t<p>Preus en EUR per persona | IVA incl\u00f2s<\/p><p>* El preu del maridatge \u00e9s de 70 EUR i no est\u00e0 incl\u00f2s<\/p><p>Dress Code: Smart Casual\u00a0<\/p>\t\t\t\t\t\t<\/div>\n\t\t\t\t<\/div>\n\t\t\t\t<div class=\"elementor-element elementor-element-e44de96 elementor-widget__width-auto elementor-widget elementor-widget-html\" data-id=\"e44de96\" data-element_type=\"widget\" data-widget_type=\"html.default\">\n\t\t\t\t<div class=\"elementor-widget-container\">\n\t\t\t<style>.btn-reservar {\n  display: inline-block;\n  background-color: #E1A325;\n  color: #111; \/* Negro suave *\/\n  font-family: 'Comfortaa', sans-serif;\n  font-size: 14px;\n  font-weight: 400;\n  padding: 12px 21px;\n  text-align: center;\n  text-decoration: none;\n  clip-path: polygon(10% 0%, 90% 0%, 100% 20%, 100% 80%, 90% 100%, 10% 100%, 0% 80%, 0% 20%);\n  transition: background-color 0.3s ease, color 0.3s ease;\n}\n\n.btn-reservar:hover {\n  background-color: #fff;\n  color: #E1A325;\n  cursor: pointer;\n}\n<\/style>\n<a href=\"https:\/\/widget.thefork.com\/es\/f66ab35a-dd81-4832-8a63-1bb0104af32c?utm_source=quiratrestaurant.com\" class=\"btn-reservar\" target=\"_blank\" rel=\"noopener\">\n  RESERVAR\n<\/a>\t\t<\/div>\n\t\t\t\t<\/div>\n\t\t\t\t\t<\/div>\n\t\t<\/div>\n\t\t\t\t<div class=\"elementor-column elementor-col-50 elementor-top-column elementor-element elementor-element-b8db40c\" data-id=\"b8db40c\" data-element_type=\"column\">\n\t\t\t<div class=\"elementor-widget-wrap elementor-element-populated\">\n\t\t\t\t\t\t\t\t<div class=\"elementor-element elementor-element-57fab82 elementor-widget-mobile__width-auto elementor-invisible elementor-widget elementor-widget-image\" data-id=\"57fab82\" data-element_type=\"widget\" data-settings=\"{&quot;_animation&quot;:&quot;slideInLeft&quot;}\" data-widget_type=\"image.default\">\n\t\t\t\t<div class=\"elementor-widget-container\">\n\t\t\t\t\t\t\t\t\t\t\t\t\t\t\t<img fetchpriority=\"high\" decoding=\"async\" width=\"2560\" height=\"1708\" src=\"https:\/\/quiratrestaurant.com\/wp-content\/uploads\/2026\/03\/Snacks-Quirat1-scaled.jpg\" class=\"attachment-full size-full wp-image-7764\" alt=\"Quirat Restaurant | Alta cocina con estrella Michelin en Barcelona\" srcset=\"https:\/\/quiratrestaurant.com\/wp-content\/uploads\/2026\/03\/Snacks-Quirat1-scaled.jpg 2560w, https:\/\/quiratrestaurant.com\/wp-content\/uploads\/2026\/03\/Snacks-Quirat1-300x200.jpg 300w, https:\/\/quiratrestaurant.com\/wp-content\/uploads\/2026\/03\/Snacks-Quirat1-1024x683.jpg 1024w, https:\/\/quiratrestaurant.com\/wp-content\/uploads\/2026\/03\/Snacks-Quirat1-768x512.jpg 768w, https:\/\/quiratrestaurant.com\/wp-content\/uploads\/2026\/03\/Snacks-Quirat1-1536x1025.jpg 1536w, https:\/\/quiratrestaurant.com\/wp-content\/uploads\/2026\/03\/Snacks-Quirat1-2048x1366.jpg 2048w\" sizes=\"(max-width: 2560px) 100vw, 2560px\" \/>\t\t\t\t\t\t\t\t\t\t\t\t\t\t\t<\/div>\n\t\t\t\t<\/div>\n\t\t\t\t<div class=\"elementor-element elementor-element-0003183 elementor-widget-mobile__width-auto elementor-invisible elementor-widget elementor-widget-image\" data-id=\"0003183\" data-element_type=\"widget\" data-settings=\"{&quot;_animation&quot;:&quot;slideInRight&quot;}\" data-widget_type=\"image.default\">\n\t\t\t\t<div class=\"elementor-widget-container\">\n\t\t\t\t\t\t\t\t\t\t\t\t\t\t\t<img decoding=\"async\" width=\"2560\" height=\"1855\" src=\"https:\/\/quiratrestaurant.com\/wp-content\/uploads\/2026\/03\/Ravioli-de-pollo-de-corral-y-bogavante1-scaled.jpg\" class=\"attachment-full size-full wp-image-7760\" alt=\"Quirat Restaurant | Alta cocina con estrella Michelin en Barcelona\" srcset=\"https:\/\/quiratrestaurant.com\/wp-content\/uploads\/2026\/03\/Ravioli-de-pollo-de-corral-y-bogavante1-scaled.jpg 2560w, https:\/\/quiratrestaurant.com\/wp-content\/uploads\/2026\/03\/Ravioli-de-pollo-de-corral-y-bogavante1-300x217.jpg 300w, https:\/\/quiratrestaurant.com\/wp-content\/uploads\/2026\/03\/Ravioli-de-pollo-de-corral-y-bogavante1-1024x742.jpg 1024w, https:\/\/quiratrestaurant.com\/wp-content\/uploads\/2026\/03\/Ravioli-de-pollo-de-corral-y-bogavante1-768x556.jpg 768w, https:\/\/quiratrestaurant.com\/wp-content\/uploads\/2026\/03\/Ravioli-de-pollo-de-corral-y-bogavante1-1536x1113.jpg 1536w, https:\/\/quiratrestaurant.com\/wp-content\/uploads\/2026\/03\/Ravioli-de-pollo-de-corral-y-bogavante1-2048x1484.jpg 2048w\" sizes=\"(max-width: 2560px) 100vw, 2560px\" \/>\t\t\t\t\t\t\t\t\t\t\t\t\t\t\t<\/div>\n\t\t\t\t<\/div>\n\t\t\t\t\t<\/div>\n\t\t<\/div>\n\t\t\t\t\t\t\t<\/div>\n\t\t<\/section>\n\t\t\t\t<section class=\"elementor-section elementor-top-section elementor-element elementor-element-b1ff163 elementor-section-full_width elementor-section-height-min-height elementor-section-stretched elementor-section-height-default elementor-section-items-middle\" data-id=\"b1ff163\" data-element_type=\"section\" data-settings=\"{&quot;stretch_section&quot;:&quot;section-stretched&quot;}\">\n\t\t\t\t\t\t<div class=\"elementor-container elementor-column-gap-default\">\n\t\t\t\t\t<div class=\"elementor-column elementor-col-50 elementor-top-column elementor-element elementor-element-c05c196\" data-id=\"c05c196\" data-element_type=\"column\">\n\t\t\t<div class=\"elementor-widget-wrap elementor-element-populated\">\n\t\t\t\t\t\t\t\t<div class=\"elementor-element elementor-element-36d7a23 elementor-widget-mobile__width-auto elementor-invisible elementor-widget elementor-widget-image\" data-id=\"36d7a23\" data-element_type=\"widget\" data-settings=\"{&quot;_animation&quot;:&quot;slideInLeft&quot;}\" data-widget_type=\"image.default\">\n\t\t\t\t<div class=\"elementor-widget-container\">\n\t\t\t\t\t\t\t\t\t\t\t\t\t\t\t<img decoding=\"async\" width=\"2560\" height=\"1797\" src=\"https:\/\/quiratrestaurant.com\/wp-content\/uploads\/2026\/03\/Conejo-y-cebolla1-scaled.jpg\" class=\"attachment-full size-full wp-image-7748\" alt=\"Quirat Restaurant | Alta cocina con estrella Michelin en Barcelona\" srcset=\"https:\/\/quiratrestaurant.com\/wp-content\/uploads\/2026\/03\/Conejo-y-cebolla1-scaled.jpg 2560w, https:\/\/quiratrestaurant.com\/wp-content\/uploads\/2026\/03\/Conejo-y-cebolla1-300x211.jpg 300w, https:\/\/quiratrestaurant.com\/wp-content\/uploads\/2026\/03\/Conejo-y-cebolla1-1024x719.jpg 1024w, https:\/\/quiratrestaurant.com\/wp-content\/uploads\/2026\/03\/Conejo-y-cebolla1-768x539.jpg 768w, https:\/\/quiratrestaurant.com\/wp-content\/uploads\/2026\/03\/Conejo-y-cebolla1-1536x1078.jpg 1536w, https:\/\/quiratrestaurant.com\/wp-content\/uploads\/2026\/03\/Conejo-y-cebolla1-2048x1438.jpg 2048w\" sizes=\"(max-width: 2560px) 100vw, 2560px\" \/>\t\t\t\t\t\t\t\t\t\t\t\t\t\t\t<\/div>\n\t\t\t\t<\/div>\n\t\t\t\t<div class=\"elementor-element elementor-element-a60e359 elementor-widget-mobile__width-auto elementor-invisible elementor-widget elementor-widget-image\" data-id=\"a60e359\" data-element_type=\"widget\" data-settings=\"{&quot;_animation&quot;:&quot;slideInLeft&quot;}\" data-widget_type=\"image.default\">\n\t\t\t\t<div class=\"elementor-widget-container\">\n\t\t\t\t\t\t\t\t\t\t\t\t\t\t\t<img loading=\"lazy\" decoding=\"async\" width=\"2560\" height=\"1739\" src=\"https:\/\/quiratrestaurant.com\/wp-content\/uploads\/2026\/03\/Dulces1-scaled.jpg\" class=\"attachment-full size-full wp-image-7756\" alt=\"Quirat Restaurant | Alta cocina con estrella Michelin en Barcelona\" srcset=\"https:\/\/quiratrestaurant.com\/wp-content\/uploads\/2026\/03\/Dulces1-scaled.jpg 2560w, https:\/\/quiratrestaurant.com\/wp-content\/uploads\/2026\/03\/Dulces1-300x204.jpg 300w, https:\/\/quiratrestaurant.com\/wp-content\/uploads\/2026\/03\/Dulces1-1024x696.jpg 1024w, https:\/\/quiratrestaurant.com\/wp-content\/uploads\/2026\/03\/Dulces1-768x522.jpg 768w, https:\/\/quiratrestaurant.com\/wp-content\/uploads\/2026\/03\/Dulces1-1536x1044.jpg 1536w, https:\/\/quiratrestaurant.com\/wp-content\/uploads\/2026\/03\/Dulces1-2048x1391.jpg 2048w\" sizes=\"(max-width: 2560px) 100vw, 2560px\" \/>\t\t\t\t\t\t\t\t\t\t\t\t\t\t\t<\/div>\n\t\t\t\t<\/div>\n\t\t\t\t\t<\/div>\n\t\t<\/div>\n\t\t\t\t<div class=\"elementor-column elementor-col-50 elementor-top-column elementor-element elementor-element-8a428a8 elementor-invisible\" data-id=\"8a428a8\" data-element_type=\"column\" data-settings=\"{&quot;animation&quot;:&quot;slideInUp&quot;}\">\n\t\t\t<div class=\"elementor-widget-wrap elementor-element-populated\">\n\t\t\t\t\t\t\t\t<div class=\"elementor-element elementor-element-9a4c1bd elementor-widget elementor-widget-heading\" data-id=\"9a4c1bd\" data-element_type=\"widget\" data-widget_type=\"heading.default\">\n\t\t\t\t<div class=\"elementor-widget-container\">\n\t\t\t<h2 class=\"elementor-heading-title elementor-size-default\">Men\u00fa 18K<\/h2>\t\t<\/div>\n\t\t\t\t<\/div>\n\t\t\t\t<div class=\"elementor-element elementor-element-13c1ca9 elementor-widget elementor-widget-text-editor\" data-id=\"13c1ca9\" data-element_type=\"widget\" data-widget_type=\"text-editor.default\">\n\t\t\t\t<div class=\"elementor-widget-container\">\n\t\t\t\t\t\t\t<p>Vermut de Ceps<\/p><p>Calamar, arrels i caviar<\/p><p>Bunyol de bacall\u00e0<\/p><p>Xurro de porc<\/p><p>Carxofa, favetes, clo\u00efsses amb salsa verda<\/p><p>Conill i ceba<\/p><p>Foie, escabetx i mongeta del ganxet<\/p><p>Escorpora, p\u00e8sol del maresme, garota i ametlla<\/p><p>Civet de c\u00e9rvol, remolatxa i xirivia<\/p><p>Mel i mat\u00f3<\/p><p>Carquinyoli<\/p>\t\t\t\t\t\t<\/div>\n\t\t\t\t<\/div>\n\t\t\t\t<div class=\"elementor-element elementor-element-d4f51d0 elementor-widget__width-initial elementor-widget elementor-widget-heading\" data-id=\"d4f51d0\" data-element_type=\"widget\" data-widget_type=\"heading.default\">\n\t\t\t\t<div class=\"elementor-widget-container\">\n\t\t\t<p class=\"elementor-heading-title elementor-size-default\">110 \u20ac<\/p>\t\t<\/div>\n\t\t\t\t<\/div>\n\t\t\t\t<div class=\"elementor-element elementor-element-5655edb elementor-widget elementor-widget-text-editor\" data-id=\"5655edb\" data-element_type=\"widget\" data-widget_type=\"text-editor.default\">\n\t\t\t\t<div class=\"elementor-widget-container\">\n\t\t\t\t\t\t\t<p>Preus en EUR per persona | IVA incl\u00f2s<\/p><p>* El preu del maridatge \u00e9s de 50 EUR i no est\u00e0 incl\u00f2s<\/p><p>Dress Code: Smart Casual\u00a0<\/p>\t\t\t\t\t\t<\/div>\n\t\t\t\t<\/div>\n\t\t\t\t<div class=\"elementor-element elementor-element-c8bed0e elementor-widget__width-auto elementor-widget elementor-widget-html\" data-id=\"c8bed0e\" data-element_type=\"widget\" data-widget_type=\"html.default\">\n\t\t\t\t<div class=\"elementor-widget-container\">\n\t\t\t<style>.btn-reservar {\n  display: inline-block;\n  background-color: #E1A325;\n  color: #111; \/* Negro suave *\/\n  font-family: 'Comfortaa', sans-serif;\n  font-size: 14px;\n  font-weight: 400;\n  padding: 12px 21px;\n  text-align: center;\n  text-decoration: none;\n  clip-path: polygon(10% 0%, 90% 0%, 100% 20%, 100% 80%, 90% 100%, 10% 100%, 0% 80%, 0% 20%);\n  transition: background-color 0.3s ease, color 0.3s ease;\n}\n\n.btn-reservar:hover {\n  background-color: #fff;\n  color: #E1A325;\n  cursor: pointer;\n}\n<\/style>\n<a href=\"https:\/\/widget.thefork.com\/es\/f66ab35a-dd81-4832-8a63-1bb0104af32c?utm_source=quiratrestaurant.com\" class=\"btn-reservar\" target=\"_blank\" rel=\"noopener\">\n  RESERVAR\n<\/a>\t\t<\/div>\n\t\t\t\t<\/div>\n\t\t\t\t\t<\/div>\n\t\t<\/div>\n\t\t\t\t\t\t\t<\/div>\n\t\t<\/section>\n\t\t\t\t<section class=\"elementor-section elementor-top-section elementor-element elementor-element-dfb7713 elementor-section-full_width elementor-section-height-min-height elementor-section-stretched elementor-section-height-default elementor-section-items-middle elementor-invisible\" data-id=\"dfb7713\" data-element_type=\"section\" data-settings=\"{&quot;stretch_section&quot;:&quot;section-stretched&quot;,&quot;background_background&quot;:&quot;classic&quot;,&quot;animation&quot;:&quot;fadeIn&quot;,&quot;animation_delay&quot;:300}\">\n\t\t\t\t\t\t<div class=\"elementor-container elementor-column-gap-default\">\n\t\t\t\t\t<div class=\"elementor-column elementor-col-100 elementor-top-column elementor-element elementor-element-559fe44\" data-id=\"559fe44\" data-element_type=\"column\">\n\t\t\t<div class=\"elementor-widget-wrap\">\n\t\t\t\t\t\t\t\t\t<\/div>\n\t\t<\/div>\n\t\t\t\t\t\t\t<\/div>\n\t\t<\/section>\n\t\t\t\t\t\t\t<\/div>\n\t\t","protected":false},"excerpt":{"rendered":"<p>Seguim el cicle natural de la vida La nostra carta respon a les diferents temporades i presenta exclusives interpretacions d&#8217;autor creades per V\u00edctor Torres. Guiats pel respecte a la terra, les nostres creacions culin\u00e0ries estan elaborades amb productes de proximitat per oferir-te una gastronomia sostenible. Men\u00fa 24K Vermut de Ceps Calamar, arrels i caviar Bunyol &#8230; <a title=\"MEN\u00da\" class=\"read-more\" href=\"https:\/\/quiratrestaurant.com\/ca\/gastronomia\/\" aria-label=\"M\u00e9s sobre MEN\u00da\">Llegiu m\u00e9s<\/a><\/p>\n","protected":false},"author":1,"featured_media":0,"parent":0,"menu_order":0,"comment_status":"closed","ping_status":"closed","template":"templates\/global.php","meta":{"inline_featured_image":false},"acf":[],"_links":{"self":[{"href":"https:\/\/quiratrestaurant.com\/ca\/wp-json\/wp\/v2\/pages\/3169"}],"collection":[{"href":"https:\/\/quiratrestaurant.com\/ca\/wp-json\/wp\/v2\/pages"}],"about":[{"href":"https:\/\/quiratrestaurant.com\/ca\/wp-json\/wp\/v2\/types\/page"}],"author":[{"embeddable":true,"href":"https:\/\/quiratrestaurant.com\/ca\/wp-json\/wp\/v2\/users\/1"}],"replies":[{"embeddable":true,"href":"https:\/\/quiratrestaurant.com\/ca\/wp-json\/wp\/v2\/comments?post=3169"}],"version-history":[{"count":237,"href":"https:\/\/quiratrestaurant.com\/ca\/wp-json\/wp\/v2\/pages\/3169\/revisions"}],"predecessor-version":[{"id":7772,"href":"https:\/\/quiratrestaurant.com\/ca\/wp-json\/wp\/v2\/pages\/3169\/revisions\/7772"}],"wp:attachment":[{"href":"https:\/\/quiratrestaurant.com\/ca\/wp-json\/wp\/v2\/media?parent=3169"}],"curies":[{"name":"wp","href":"https:\/\/api.w.org\/{rel}","templated":true}]}}