{"id":3140,"date":"2022-07-25T12:31:15","date_gmt":"2022-07-25T12:31:15","guid":{"rendered":"https:\/\/quiratrestaurant.com\/pagina-ejemplo\/"},"modified":"2025-06-22T16:01:01","modified_gmt":"2025-06-22T16:01:01","slug":"pagina-ejemplo","status":"publish","type":"page","link":"https:\/\/quiratrestaurant.com\/fr\/","title":{"rendered":"Accueil"},"content":{"rendered":"\t\t<div data-elementor-type=\"wp-page\" data-elementor-id=\"3140\" class=\"elementor elementor-3140 elementor-42\">\n\t\t\t\t\t\t\t\t\t<section class=\"elementor-section elementor-top-section elementor-element elementor-element-3debf7b9 elementor-section-full_width elementor-section-height-min-height elementor-section-stretched elementor-section-content-middle section-div elementor-section-height-default elementor-section-items-middle\" data-id=\"3debf7b9\" data-element_type=\"section\" id=\"section-one\" data-settings=\"{&quot;stretch_section&quot;:&quot;section-stretched&quot;,&quot;background_background&quot;:&quot;video&quot;,&quot;background_video_link&quot;:&quot;\\\/wp-content\\\/uploads\\\/2022\\\/08\\\/20220622-Quirat-V4-5.m4v&quot;}\">\n\t\t\t\t\t\t\t\t<div class=\"elementor-background-video-container elementor-hidden-phone\">\n\t\t\t\t\t\t\t\t\t\t\t\t\t<video class=\"elementor-background-video-hosted elementor-html5-video\" autoplay muted playsinline loop><\/video>\n\t\t\t\t\t\t\t\t\t\t\t<\/div>\n\t\t\t\t\t\t\t\t<div class=\"elementor-container elementor-column-gap-default\">\n\t\t\t\t\t<div class=\"elementor-column elementor-col-100 elementor-top-column elementor-element elementor-element-1c333d8c\" data-id=\"1c333d8c\" data-element_type=\"column\">\n\t\t\t<div class=\"elementor-widget-wrap elementor-element-populated\">\n\t\t\t\t\t\t\t\t<div class=\"elementor-element elementor-element-172760e animated-slow elementor-widget__width-inherit elementor-invisible elementor-widget elementor-widget-image\" data-id=\"172760e\" data-element_type=\"widget\" data-settings=\"{&quot;_animation&quot;:&quot;zoomIn&quot;}\" data-widget_type=\"image.default\">\n\t\t\t\t<div class=\"elementor-widget-container\">\n\t\t\t<style>\/*! elementor - v3.18.0 - 20-12-2023 *\/\n.elementor-widget-image{text-align:center}.elementor-widget-image a{display:inline-block}.elementor-widget-image a img[src$=\".svg\"]{width:48px}.elementor-widget-image img{vertical-align:middle;display:inline-block}<\/style>\t\t\t\t\t\t\t\t\t\t\t\t<img fetchpriority=\"high\" decoding=\"async\" width=\"1440\" height=\"238\" src=\"https:\/\/quiratrestaurant.com\/wp-content\/uploads\/2022\/07\/Quirat.svg\" class=\"attachment-full size-full wp-image-3344\" alt=\"\" \/>\t\t\t\t\t\t\t\t\t\t\t\t\t\t\t<\/div>\n\t\t\t\t<\/div>\n\t\t\t\t<div class=\"elementor-element elementor-element-96ac7f0 animated-slow elementor-invisible elementor-widget elementor-widget-heading\" data-id=\"96ac7f0\" data-element_type=\"widget\" data-settings=\"{&quot;_animation&quot;:&quot;zoomIn&quot;}\" data-widget_type=\"heading.default\">\n\t\t\t\t<div class=\"elementor-widget-container\">\n\t\t\t<style>\/*! elementor - v3.18.0 - 20-12-2023 *\/\n.elementor-heading-title{padding:0;margin:0;line-height:1}.elementor-widget-heading .elementor-heading-title[class*=elementor-size-]>a{color:inherit;font-size:inherit;line-height:inherit}.elementor-widget-heading .elementor-heading-title.elementor-size-small{font-size:15px}.elementor-widget-heading .elementor-heading-title.elementor-size-medium{font-size:19px}.elementor-widget-heading .elementor-heading-title.elementor-size-large{font-size:29px}.elementor-widget-heading .elementor-heading-title.elementor-size-xl{font-size:39px}.elementor-widget-heading .elementor-heading-title.elementor-size-xxl{font-size:59px}<\/style><p class=\"elementor-heading-title elementor-size-default\">MICHELIN STAR 2025<\/p>\t\t<\/div>\n\t\t\t\t<\/div>\n\t\t\t\t<div class=\"elementor-element elementor-element-d0f15c7 elementor-mobile-align-center elementor-hidden-desktop pause elementor-widget elementor-widget-button\" data-id=\"d0f15c7\" data-element_type=\"widget\" id=\"play-button\" data-widget_type=\"button.default\">\n\t\t\t\t<div class=\"elementor-widget-container\">\n\t\t\t\t\t<div class=\"elementor-button-wrapper\">\n\t\t\t<a class=\"elementor-button elementor-button-link elementor-size-xs\" href=\"#\">\n\t\t\t\t\t\t<span class=\"elementor-button-content-wrapper\">\n\t\t\t\t\t\t<span class=\"elementor-button-text\"><\/span>\n\t\t<\/span>\n\t\t\t\t\t<\/a>\n\t\t<\/div>\n\t\t\t\t<\/div>\n\t\t\t\t<\/div>\n\t\t\t\t\t<\/div>\n\t\t<\/div>\n\t\t\t\t\t\t\t<\/div>\n\t\t<\/section>\n\t\t\t\t<section class=\"elementor-section elementor-top-section elementor-element elementor-element-d18bf31 elementor-section-full_width elementor-section-stretched elementor-section-height-default elementor-section-height-default\" data-id=\"d18bf31\" data-element_type=\"section\" data-settings=\"{&quot;stretch_section&quot;:&quot;section-stretched&quot;}\">\n\t\t\t\t\t\t<div class=\"elementor-container elementor-column-gap-default\">\n\t\t\t\t\t<div class=\"elementor-column elementor-col-100 elementor-top-column elementor-element elementor-element-215b80f\" data-id=\"215b80f\" data-element_type=\"column\">\n\t\t\t<div class=\"elementor-widget-wrap elementor-element-populated\">\n\t\t\t\t\t\t\t\t<div class=\"elementor-element elementor-element-4b36477 toggle_mute elementor-view-framed elementor-shape-circle elementor-widget elementor-widget-icon\" data-id=\"4b36477\" data-element_type=\"widget\" data-widget_type=\"icon.default\">\n\t\t\t\t<div class=\"elementor-widget-container\">\n\t\t\t\t\t<div class=\"elementor-icon-wrapper\">\n\t\t\t<div class=\"elementor-icon\">\n\t\t\t\t\t\t<\/div>\n\t\t<\/div>\n\t\t\t\t<\/div>\n\t\t\t\t<\/div>\n\t\t\t\t\t<\/div>\n\t\t<\/div>\n\t\t\t\t\t\t\t<\/div>\n\t\t<\/section>\n\t\t\t\t<section class=\"elementor-section elementor-top-section elementor-element elementor-element-df82f51 elementor-section-full_width elementor-section-height-min-height elementor-section-stretched elementor-section-content-middle elementor-section-items-top section-div elementor-section-height-default\" data-id=\"df82f51\" data-element_type=\"section\" id=\"section-two\" data-settings=\"{&quot;stretch_section&quot;:&quot;section-stretched&quot;,&quot;background_background&quot;:&quot;classic&quot;}\">\n\t\t\t\t\t\t<div class=\"elementor-container elementor-column-gap-default\">\n\t\t\t\t\t<div class=\"elementor-column elementor-col-100 elementor-top-column elementor-element elementor-element-e0c9055\" data-id=\"e0c9055\" data-element_type=\"column\">\n\t\t\t<div class=\"elementor-widget-wrap elementor-element-populated\">\n\t\t\t\t\t\t\t\t<div class=\"elementor-element elementor-element-72f0ac6 elementor-widget elementor-widget-heading\" data-id=\"72f0ac6\" data-element_type=\"widget\" data-settings=\"{&quot;_animation&quot;:&quot;none&quot;}\" data-widget_type=\"heading.default\">\n\t\t\t\t<div class=\"elementor-widget-container\">\n\t\t\t<p class=\"elementor-heading-title elementor-size-default\">La cuisine \u00e0 l\u2019\u00e9tat pur<\/p>\t\t<\/div>\n\t\t\t\t<\/div>\n\t\t\t\t<div class=\"elementor-element elementor-element-9e90c50 elementor-widget__width-initial elementor-widget-mobile__width-initial elementor-widget elementor-widget-text-editor\" data-id=\"9e90c50\" data-element_type=\"widget\" data-widget_type=\"text-editor.default\">\n\t\t\t\t<div class=\"elementor-widget-container\">\n\t\t\t<style>\/*! elementor - v3.18.0 - 20-12-2023 *\/\n.elementor-widget-text-editor.elementor-drop-cap-view-stacked .elementor-drop-cap{background-color:#69727d;color:#fff}.elementor-widget-text-editor.elementor-drop-cap-view-framed .elementor-drop-cap{color:#69727d;border:3px solid;background-color:transparent}.elementor-widget-text-editor:not(.elementor-drop-cap-view-default) .elementor-drop-cap{margin-top:8px}.elementor-widget-text-editor:not(.elementor-drop-cap-view-default) .elementor-drop-cap-letter{width:1em;height:1em}.elementor-widget-text-editor .elementor-drop-cap{float:left;text-align:center;line-height:1;font-size:50px}.elementor-widget-text-editor .elementor-drop-cap-letter{display:inline-block}<\/style>\t\t\t\t<p>Chez Quirat, nous capturons la puret\u00e9 et l\u2019essence des aliments pour vous offrir une exp\u00e9rience gastronomique unique. Fond\u00e9e sur l\u2019excellence des produits, notre cuisine d\u2019auteur respecte les \u00e9l\u00e9ments de la terre pour cr\u00e9er et \u00e9lever la connexion entre ceux-ci et vos sens.\u00a0\u00bb<\/p>\t\t\t\t\t\t<\/div>\n\t\t\t\t<\/div>\n\t\t\t\t<div class=\"elementor-element elementor-element-3a48862 transparent-oct-border elementor-widget elementor-widget-button\" data-id=\"3a48862\" data-element_type=\"widget\" data-widget_type=\"button.default\">\n\t\t\t\t<div class=\"elementor-widget-container\">\n\t\t\t\t\t<div class=\"elementor-button-wrapper\">\n\t\t\t<a class=\"elementor-button elementor-button-link elementor-size-sm\" href=\"https:\/\/quiratrestaurant.com\/gastronomia\/\">\n\t\t\t\t\t\t<span class=\"elementor-button-content-wrapper\">\n\t\t\t\t\t\t<span class=\"elementor-button-text\">Voir les cr\u00e9ations gastronomiques<\/span>\n\t\t<\/span>\n\t\t\t\t\t<\/a>\n\t\t<\/div>\n\t\t\t\t<\/div>\n\t\t\t\t<\/div>\n\t\t\t\t<div class=\"elementor-element elementor-element-d4bbe05 elementor-widget elementor-widget-html\" data-id=\"d4bbe05\" data-element_type=\"widget\" data-widget_type=\"html.default\">\n\t\t\t\t<div class=\"elementor-widget-container\">\n\t\t\t<style>.btn-reservar {\n  display: inline-block;\n  background-color: #E1A325;\n  color: #111; \/* Negro suave *\/\n  font-family: 'Comfortaa', sans-serif;\n  font-size: 12px;\n  font-weight: 400;\n  padding: 12px 21px;\n  text-align: center;\n  text-decoration: none;\n  clip-path: polygon(10% 0%, 90% 0%, 100% 20%, 100% 80%, 90% 100%, 10% 100%, 0% 80%, 0% 20%);\n  transition: background-color 0.3s ease, color 0.3s ease;\n}\n\n.btn-reservar:hover {\n  background-color: #fff;\n  color: #E1A325;\n  cursor: pointer;\n}\n<\/style>\n<a href=\"https:\/\/widget.thefork.com\/es\/f66ab35a-dd81-4832-8a63-1bb0104af32c?utm_source=quiratrestaurant.com\" class=\"btn-reservar\" target=\"_blank\" rel=\"noopener\">\n  R\u00c9S\u00c9RVER\n<\/a>\t\t<\/div>\n\t\t\t\t<\/div>\n\t\t\t\t\t<\/div>\n\t\t<\/div>\n\t\t\t\t\t\t\t<\/div>\n\t\t<\/section>\n\t\t\t\t<section class=\"elementor-section elementor-top-section elementor-element elementor-element-7ddd864 elementor-section-full_width elementor-section-height-min-height elementor-section-stretched elementor-section-items-top section-div elementor-section-height-default\" data-id=\"7ddd864\" data-element_type=\"section\" id=\"section-three\" data-settings=\"{&quot;stretch_section&quot;:&quot;section-stretched&quot;,&quot;background_background&quot;:&quot;classic&quot;}\">\n\t\t\t\t\t\t<div class=\"elementor-container elementor-column-gap-default\">\n\t\t\t\t\t<div class=\"elementor-column elementor-col-100 elementor-top-column elementor-element elementor-element-adfdca7\" data-id=\"adfdca7\" data-element_type=\"column\">\n\t\t\t<div class=\"elementor-widget-wrap elementor-element-populated\">\n\t\t\t\t\t\t\t\t<div class=\"elementor-element elementor-element-59f36d1 elementor-widget-mobile__width-initial elementor-widget elementor-widget-heading\" data-id=\"59f36d1\" data-element_type=\"widget\" data-settings=\"{&quot;_animation&quot;:&quot;none&quot;}\" data-widget_type=\"heading.default\">\n\t\t\t\t<div class=\"elementor-widget-container\">\n\t\t\t<p class=\"elementor-heading-title elementor-size-default\">Ambassadeurs de leurs d\u00e9nominations d\u2019origine<\/p>\t\t<\/div>\n\t\t\t\t<\/div>\n\t\t\t\t<div class=\"elementor-element elementor-element-173103c elementor-widget__width-initial elementor-widget-mobile__width-initial elementor-widget elementor-widget-text-editor\" data-id=\"173103c\" data-element_type=\"widget\" data-widget_type=\"text-editor.default\">\n\t\t\t\t<div class=\"elementor-widget-container\">\n\t\t\t\t\t\t\t<p>Notre s\u00e9lection de vins vous propose un dialogue entre leur terre d\u2019origine et votre palais et vous offre une exp\u00e9rience sensorielle pour le corps et l\u2019\u00e2me.<\/p>\t\t\t\t\t\t<\/div>\n\t\t\t\t<\/div>\n\t\t\t\t<div class=\"elementor-element elementor-element-5d07d22 transparent-oct-border elementor-widget elementor-widget-button\" data-id=\"5d07d22\" data-element_type=\"widget\" data-widget_type=\"button.default\">\n\t\t\t\t<div class=\"elementor-widget-container\">\n\t\t\t\t\t<div class=\"elementor-button-wrapper\">\n\t\t\t<a class=\"elementor-button elementor-button-link elementor-size-sm\" href=\"https:\/\/quiratrestaurant.com\/enologia\/\">\n\t\t\t\t\t\t<span class=\"elementor-button-content-wrapper\">\n\t\t\t\t\t\t<span class=\"elementor-button-text\">Consulter la carte des vins<\/span>\n\t\t<\/span>\n\t\t\t\t\t<\/a>\n\t\t<\/div>\n\t\t\t\t<\/div>\n\t\t\t\t<\/div>\n\t\t\t\t\t<\/div>\n\t\t<\/div>\n\t\t\t\t\t\t\t<\/div>\n\t\t<\/section>\n\t\t\t\t<section class=\"elementor-section elementor-top-section elementor-element elementor-element-7f975f8 elementor-section-full_width elementor-section-height-min-height elementor-section-stretched elementor-section-items-top section-div elementor-section-height-default\" data-id=\"7f975f8\" data-element_type=\"section\" id=\"section-four\" data-settings=\"{&quot;stretch_section&quot;:&quot;section-stretched&quot;,&quot;background_background&quot;:&quot;classic&quot;}\">\n\t\t\t\t\t\t<div class=\"elementor-container elementor-column-gap-default\">\n\t\t\t\t\t<div class=\"elementor-column elementor-col-100 elementor-top-column elementor-element elementor-element-00fd68a\" data-id=\"00fd68a\" data-element_type=\"column\">\n\t\t\t<div class=\"elementor-widget-wrap elementor-element-populated\">\n\t\t\t\t\t\t\t\t<div class=\"elementor-element elementor-element-24ac90b elementor-widget elementor-widget-heading\" data-id=\"24ac90b\" data-element_type=\"widget\" data-settings=\"{&quot;_animation&quot;:&quot;none&quot;}\" data-widget_type=\"heading.default\">\n\t\t\t\t<div class=\"elementor-widget-container\">\n\t\t\t<p class=\"elementor-heading-title elementor-size-default\">Une \u00e9quipe qui fait la diff\u00e9rence<\/p>\t\t<\/div>\n\t\t\t\t<\/div>\n\t\t\t\t<div class=\"elementor-element elementor-element-9ff5277 elementor-widget__width-initial elementor-widget-mobile__width-initial elementor-widget elementor-widget-text-editor\" data-id=\"9ff5277\" data-element_type=\"widget\" data-widget_type=\"text-editor.default\">\n\t\t\t\t<div class=\"elementor-widget-container\">\n\t\t\t\t\t\t\t<p>Dirig\u00e9e par V\u00edctor Torres et guid\u00e9e par son savoir-faire, notre \u00e9quipe est compos\u00e9e d\u2019experts gastronomiques qui se consacrent \u00e0 extraire et \u00e0 recueillir la subtilit\u00e9 et l\u2019\u00e9l\u00e9gance de chaque produit que nous offre la terre.<\/p>\t\t\t\t\t\t<\/div>\n\t\t\t\t<\/div>\n\t\t\t\t<div class=\"elementor-element elementor-element-27d9c93 transparent-oct-border elementor-widget elementor-widget-button\" data-id=\"27d9c93\" data-element_type=\"widget\" data-widget_type=\"button.default\">\n\t\t\t\t<div class=\"elementor-widget-container\">\n\t\t\t\t\t<div class=\"elementor-button-wrapper\">\n\t\t\t<a class=\"elementor-button elementor-button-link elementor-size-sm\" href=\"https:\/\/quiratrestaurant.com\/equipo\/\">\n\t\t\t\t\t\t<span class=\"elementor-button-content-wrapper\">\n\t\t\t\t\t\t<span class=\"elementor-button-text\">Conna\u00eetre l\u2019\u00e9quipe<\/span>\n\t\t<\/span>\n\t\t\t\t\t<\/a>\n\t\t<\/div>\n\t\t\t\t<\/div>\n\t\t\t\t<\/div>\n\t\t\t\t\t<\/div>\n\t\t<\/div>\n\t\t\t\t\t\t\t<\/div>\n\t\t<\/section>\n\t\t\t\t<section class=\"elementor-section elementor-top-section elementor-element elementor-element-22e98a4 elementor-section-full_width elementor-section-stretched elementor-section-height-default elementor-section-height-default\" data-id=\"22e98a4\" data-element_type=\"section\" data-settings=\"{&quot;background_background&quot;:&quot;classic&quot;,&quot;stretch_section&quot;:&quot;section-stretched&quot;}\">\n\t\t\t\t\t\t<div class=\"elementor-container elementor-column-gap-default\">\n\t\t\t\t\t<div class=\"elementor-column elementor-col-100 elementor-top-column elementor-element elementor-element-8ede66a\" data-id=\"8ede66a\" data-element_type=\"column\">\n\t\t\t<div class=\"elementor-widget-wrap elementor-element-populated\">\n\t\t\t\t\t\t\t\t<div class=\"elementor-element elementor-element-19cbaf6 elementor-widget__width-auto elementor-widget elementor-widget-html\" data-id=\"19cbaf6\" data-element_type=\"widget\" data-widget_type=\"html.default\">\n\t\t\t\t<div class=\"elementor-widget-container\">\n\t\t\t<style>.btn-reservar {\n  display: inline-block;\n  background-color: #E1A325;\n  color: #111; \/* Negro suave *\/\n  font-family: 'Comfortaa', sans-serif;\n  font-size: 14px;\n  font-weight: 400;\n  padding: 12px 21px;\n  text-align: center;\n  text-decoration: none;\n  clip-path: polygon(10% 0%, 90% 0%, 100% 20%, 100% 80%, 90% 100%, 10% 100%, 0% 80%, 0% 20%);\n  transition: background-color 0.3s ease, color 0.3s ease;\n}\n\n.btn-reservar:hover {\n  background-color: #fff;\n  color: #E1A325;\n  cursor: pointer;\n}\n<\/style>\n<a href=\"https:\/\/widget.thefork.com\/es\/f66ab35a-dd81-4832-8a63-1bb0104af32c?utm_source=quiratrestaurant.com\" class=\"btn-reservar\" target=\"_blank\" rel=\"noopener\">\n  R\u00c9S\u00c9RVER\n<\/a>\t\t<\/div>\n\t\t\t\t<\/div>\n\t\t\t\t\t<\/div>\n\t\t<\/div>\n\t\t\t\t\t\t\t<\/div>\n\t\t<\/section>\n\t\t\t\t\t\t\t<\/div>\n\t\t","protected":false},"excerpt":{"rendered":"<p>MICHELIN STAR 2025 La cuisine \u00e0 l\u2019\u00e9tat pur Chez Quirat, nous capturons la puret\u00e9 et l\u2019essence des aliments pour vous offrir une exp\u00e9rience gastronomique unique. Fond\u00e9e sur l\u2019excellence des produits, notre cuisine d\u2019auteur respecte les \u00e9l\u00e9ments de la terre pour cr\u00e9er et \u00e9lever la connexion entre ceux-ci et vos sens.\u00a0\u00bb Voir les cr\u00e9ations gastronomiques R\u00c9S\u00c9RVER &#8230; <a title=\"Accueil\" class=\"read-more\" href=\"https:\/\/quiratrestaurant.com\/fr\/\" aria-label=\"En savoir plus sur Accueil\">Lire la suite<\/a><\/p>\n","protected":false},"author":1,"featured_media":0,"parent":0,"menu_order":0,"comment_status":"closed","ping_status":"open","template":"templates\/global.php","meta":{"inline_featured_image":false},"acf":[],"_links":{"self":[{"href":"https:\/\/quiratrestaurant.com\/fr\/wp-json\/wp\/v2\/pages\/3140"}],"collection":[{"href":"https:\/\/quiratrestaurant.com\/fr\/wp-json\/wp\/v2\/pages"}],"about":[{"href":"https:\/\/quiratrestaurant.com\/fr\/wp-json\/wp\/v2\/types\/page"}],"author":[{"embeddable":true,"href":"https:\/\/quiratrestaurant.com\/fr\/wp-json\/wp\/v2\/users\/1"}],"replies":[{"embeddable":true,"href":"https:\/\/quiratrestaurant.com\/fr\/wp-json\/wp\/v2\/comments?post=3140"}],"version-history":[{"count":39,"href":"https:\/\/quiratrestaurant.com\/fr\/wp-json\/wp\/v2\/pages\/3140\/revisions"}],"predecessor-version":[{"id":7179,"href":"https:\/\/quiratrestaurant.com\/fr\/wp-json\/wp\/v2\/pages\/3140\/revisions\/7179"}],"wp:attachment":[{"href":"https:\/\/quiratrestaurant.com\/fr\/wp-json\/wp\/v2\/media?parent=3140"}],"curies":[{"name":"wp","href":"https:\/\/api.w.org\/{rel}","templated":true}]}}