{"id":3171,"date":"2022-08-05T10:37:25","date_gmt":"2022-08-05T10:37:25","guid":{"rendered":"https:\/\/quiratrestaurant.com\/gastronomia\/"},"modified":"2026-04-20T07:51:16","modified_gmt":"2026-04-20T07:51:16","slug":"gastronomia","status":"publish","type":"page","link":"https:\/\/quiratrestaurant.com\/fr\/gastronomia\/","title":{"rendered":"MENU"},"content":{"rendered":"\t\t<div data-elementor-type=\"wp-page\" data-elementor-id=\"3171\" class=\"elementor elementor-3171 elementor-622\">\n\t\t\t\t\t\t\t\t\t<section class=\"elementor-section elementor-top-section elementor-element elementor-element-1805cbf elementor-section-full_width elementor-section-stretched elementor-section-height-default elementor-section-height-default\" data-id=\"1805cbf\" data-element_type=\"section\" data-settings=\"{&quot;stretch_section&quot;:&quot;section-stretched&quot;}\">\n\t\t\t\t\t\t<div class=\"elementor-container elementor-column-gap-default\">\n\t\t\t\t\t<div class=\"elementor-column elementor-col-50 elementor-top-column elementor-element elementor-element-4303400\" data-id=\"4303400\" data-element_type=\"column\">\n\t\t\t<div class=\"elementor-widget-wrap elementor-element-populated\">\n\t\t\t\t\t\t\t\t<div class=\"elementor-element elementor-element-a9fb79b w100 animated-fast elementor-invisible elementor-widget elementor-widget-image\" data-id=\"a9fb79b\" data-element_type=\"widget\" data-settings=\"{&quot;_animation&quot;:&quot;slideInLeft&quot;}\" data-widget_type=\"image.default\">\n\t\t\t\t<div class=\"elementor-widget-container\">\n\t\t\t<style>\/*! elementor - v3.18.0 - 20-12-2023 *\/\n.elementor-widget-image{text-align:center}.elementor-widget-image a{display:inline-block}.elementor-widget-image a img[src$=\".svg\"]{width:48px}.elementor-widget-image img{vertical-align:middle;display:inline-block}<\/style>\t\t\t\t\t\t\t\t\t\t\t\t<img decoding=\"async\" src=\"https:\/\/quiratrestaurant.com\/wp-content\/uploads\/2022\/11\/QUIRAT_OCT_8.jpg\" title=\"QUIRAT_OCT_8\" alt=\"QUIRAT_OCT_8\" loading=\"lazy\" \/>\t\t\t\t\t\t\t\t\t\t\t\t\t\t\t<\/div>\n\t\t\t\t<\/div>\n\t\t\t\t\t<\/div>\n\t\t<\/div>\n\t\t\t\t<div class=\"elementor-column elementor-col-50 elementor-top-column elementor-element elementor-element-240626f\" data-id=\"240626f\" data-element_type=\"column\">\n\t\t\t<div class=\"elementor-widget-wrap elementor-element-populated\">\n\t\t\t\t\t\t\t\t<div class=\"elementor-element elementor-element-f864bc3 elementor-invisible elementor-widget elementor-widget-heading\" data-id=\"f864bc3\" data-element_type=\"widget\" data-settings=\"{&quot;_animation&quot;:&quot;slideInRight&quot;}\" data-widget_type=\"heading.default\">\n\t\t\t\t<div class=\"elementor-widget-container\">\n\t\t\t<style>\/*! elementor - v3.18.0 - 20-12-2023 *\/\n.elementor-heading-title{padding:0;margin:0;line-height:1}.elementor-widget-heading .elementor-heading-title[class*=elementor-size-]>a{color:inherit;font-size:inherit;line-height:inherit}.elementor-widget-heading .elementor-heading-title.elementor-size-small{font-size:15px}.elementor-widget-heading .elementor-heading-title.elementor-size-medium{font-size:19px}.elementor-widget-heading .elementor-heading-title.elementor-size-large{font-size:29px}.elementor-widget-heading .elementor-heading-title.elementor-size-xl{font-size:39px}.elementor-widget-heading .elementor-heading-title.elementor-size-xxl{font-size:59px}<\/style><h2 class=\"elementor-heading-title elementor-size-default\">Nous suivons le cycle naturel de la vie<\/h2>\t\t<\/div>\n\t\t\t\t<\/div>\n\t\t\t\t<div class=\"elementor-element elementor-element-0b2ed42 elementor-widget__width-initial elementor-invisible elementor-widget elementor-widget-text-editor\" data-id=\"0b2ed42\" data-element_type=\"widget\" data-settings=\"{&quot;_animation&quot;:&quot;slideInRight&quot;}\" data-widget_type=\"text-editor.default\">\n\t\t\t\t<div class=\"elementor-widget-container\">\n\t\t\t<style>\/*! elementor - v3.18.0 - 20-12-2023 *\/\n.elementor-widget-text-editor.elementor-drop-cap-view-stacked .elementor-drop-cap{background-color:#69727d;color:#fff}.elementor-widget-text-editor.elementor-drop-cap-view-framed .elementor-drop-cap{color:#69727d;border:3px solid;background-color:transparent}.elementor-widget-text-editor:not(.elementor-drop-cap-view-default) .elementor-drop-cap{margin-top:8px}.elementor-widget-text-editor:not(.elementor-drop-cap-view-default) .elementor-drop-cap-letter{width:1em;height:1em}.elementor-widget-text-editor .elementor-drop-cap{float:left;text-align:center;line-height:1;font-size:50px}.elementor-widget-text-editor .elementor-drop-cap-letter{display:inline-block}<\/style>\t\t\t\t<p>Notre carte s\u2019adapte aux diff\u00e9rentes saisons et vous propose des interpr\u00e9tations d\u2019auteur exclusives cr\u00e9\u00e9es par V\u00edctor Torres.<\/p><p>Guid\u00e9es par le respect de la terre, nos cr\u00e9ations culinaires sont \u00e9labor\u00e9es avec des produits de proximit\u00e9 pour vous offrir une gastronomie durable.<\/p>\t\t\t\t\t\t<\/div>\n\t\t\t\t<\/div>\n\t\t\t\t\t<\/div>\n\t\t<\/div>\n\t\t\t\t\t\t\t<\/div>\n\t\t<\/section>\n\t\t\t\t<section class=\"elementor-section elementor-top-section elementor-element elementor-element-975fbca elementor-section-full_width elementor-section-height-min-height elementor-section-stretched elementor-reverse-tablet elementor-reverse-mobile elementor-section-height-default elementor-section-items-middle\" data-id=\"975fbca\" data-element_type=\"section\" data-settings=\"{&quot;stretch_section&quot;:&quot;section-stretched&quot;}\">\n\t\t\t\t\t\t<div class=\"elementor-container elementor-column-gap-default\">\n\t\t\t\t\t<div class=\"elementor-column elementor-col-50 elementor-top-column elementor-element elementor-element-39ba5f5 elementor-invisible\" data-id=\"39ba5f5\" data-element_type=\"column\" data-settings=\"{&quot;animation&quot;:&quot;slideInUp&quot;}\">\n\t\t\t<div class=\"elementor-widget-wrap elementor-element-populated\">\n\t\t\t\t\t\t\t\t<div class=\"elementor-element elementor-element-a29e307 elementor-widget elementor-widget-heading\" data-id=\"a29e307\" data-element_type=\"widget\" data-widget_type=\"heading.default\">\n\t\t\t\t<div class=\"elementor-widget-container\">\n\t\t\t<h2 class=\"elementor-heading-title elementor-size-default\">Menu 24K<\/h2>\t\t<\/div>\n\t\t\t\t<\/div>\n\t\t\t\t<div class=\"elementor-element elementor-element-8fec3c8 elementor-widget elementor-widget-text-editor\" data-id=\"8fec3c8\" data-element_type=\"widget\" data-widget_type=\"text-editor.default\">\n\t\t\t\t<div class=\"elementor-widget-container\">\n\t\t\t\t\t\t\t<p>Vermouth blanc Dos D\u00e9us infus\u00e9 \u00e0 la calendula<\/p><p>Tartelette de petit pois du Maresme et thon rouge<\/p><p>Hu\u00eetre grill\u00e9e et pomme verte<\/p><p>\u201cCoca de llardons\u201d et sardine fum\u00e9e<\/p><p>\u201cMenjar blanc\u201d, couteaux, crevette rouge et caviar Hedone<\/p><p>Asperge blanche, jaune d\u2019oeuf et joue de porc ib\u00e9rique<\/p><p>Morilles, poulet fermier et foie gras<\/p><p>Raviolis de ris de veau et homard<\/p><p>Turbot, ail nouveau et blettes<\/p><p>Riz cr\u00e9meux de langoustine et moelle<\/p><p>Chevreau, cr\u00e8me de pignons et jus d\u2019herbes<\/p><p>Sobrasada et anis<\/p><p>Fraises et citron<\/p><p>Notre roul\u00e9<\/p><p>S\u00e9lection de fromages catalans<\/p>\t\t\t\t\t\t<\/div>\n\t\t\t\t<\/div>\n\t\t\t\t<div class=\"elementor-element elementor-element-031a7e2 elementor-widget__width-auto elementor-widget elementor-widget-heading\" data-id=\"031a7e2\" data-element_type=\"widget\" data-widget_type=\"heading.default\">\n\t\t\t\t<div class=\"elementor-widget-container\">\n\t\t\t<p class=\"elementor-heading-title elementor-size-default\">160 \u20ac<\/p>\t\t<\/div>\n\t\t\t\t<\/div>\n\t\t\t\t<div class=\"elementor-element elementor-element-fe70c27 elementor-widget elementor-widget-text-editor\" data-id=\"fe70c27\" data-element_type=\"widget\" data-widget_type=\"text-editor.default\">\n\t\t\t\t<div class=\"elementor-widget-container\">\n\t\t\t\t\t\t\t<p>Prix en EUR par personne | TVA incluse<\/p><p>*Le prix de l\u2019accord mets et vins est de 70 EUR et n\u2019est pas inclus<\/p><p>Dress Code : Smart Casual<\/p>\t\t\t\t\t\t<\/div>\n\t\t\t\t<\/div>\n\t\t\t\t<div class=\"elementor-element elementor-element-325a29a elementor-widget__width-auto elementor-widget elementor-widget-html\" data-id=\"325a29a\" data-element_type=\"widget\" data-widget_type=\"html.default\">\n\t\t\t\t<div class=\"elementor-widget-container\">\n\t\t\t<style>.btn-reservar {\n  display: inline-block;\n  background-color: #E1A325;\n  color: #111; \/* Negro suave *\/\n  font-family: 'Comfortaa', sans-serif;\n  font-size: 14px;\n  font-weight: 400;\n  padding: 12px 21px;\n  text-align: center;\n  text-decoration: none;\n  clip-path: polygon(10% 0%, 90% 0%, 100% 20%, 100% 80%, 90% 100%, 10% 100%, 0% 80%, 0% 20%);\n  transition: background-color 0.3s ease, color 0.3s ease;\n}\n\n.btn-reservar:hover {\n  background-color: #fff;\n  color: #E1A325;\n  cursor: pointer;\n}\n<\/style>\n<a href=\"https:\/\/widget.thefork.com\/es\/f66ab35a-dd81-4832-8a63-1bb0104af32c?utm_source=quiratrestaurant.com\" class=\"btn-reservar\" target=\"_blank\" rel=\"noopener\">\n  R\u00c9S\u00c9RVER\n<\/a>\t\t<\/div>\n\t\t\t\t<\/div>\n\t\t\t\t\t<\/div>\n\t\t<\/div>\n\t\t\t\t<div class=\"elementor-column elementor-col-50 elementor-top-column elementor-element elementor-element-b8db40c\" data-id=\"b8db40c\" data-element_type=\"column\">\n\t\t\t<div class=\"elementor-widget-wrap elementor-element-populated\">\n\t\t\t\t\t\t\t\t<div class=\"elementor-element elementor-element-57fab82 elementor-widget-mobile__width-auto elementor-invisible elementor-widget elementor-widget-image\" data-id=\"57fab82\" data-element_type=\"widget\" data-settings=\"{&quot;_animation&quot;:&quot;slideInLeft&quot;}\" data-widget_type=\"image.default\">\n\t\t\t\t<div class=\"elementor-widget-container\">\n\t\t\t\t\t\t\t\t\t\t\t\t\t\t\t<img fetchpriority=\"high\" decoding=\"async\" width=\"2560\" height=\"1708\" src=\"https:\/\/quiratrestaurant.com\/wp-content\/uploads\/2026\/03\/Snacks-Quirat1-scaled.jpg\" class=\"attachment-full size-full wp-image-7766\" alt=\"Quirat Restaurant | Alta cocina con estrella Michelin en Barcelona\" srcset=\"https:\/\/quiratrestaurant.com\/wp-content\/uploads\/2026\/03\/Snacks-Quirat1-scaled.jpg 2560w, https:\/\/quiratrestaurant.com\/wp-content\/uploads\/2026\/03\/Snacks-Quirat1-300x200.jpg 300w, https:\/\/quiratrestaurant.com\/wp-content\/uploads\/2026\/03\/Snacks-Quirat1-1024x683.jpg 1024w, https:\/\/quiratrestaurant.com\/wp-content\/uploads\/2026\/03\/Snacks-Quirat1-768x512.jpg 768w, https:\/\/quiratrestaurant.com\/wp-content\/uploads\/2026\/03\/Snacks-Quirat1-1536x1025.jpg 1536w, https:\/\/quiratrestaurant.com\/wp-content\/uploads\/2026\/03\/Snacks-Quirat1-2048x1366.jpg 2048w\" sizes=\"(max-width: 2560px) 100vw, 2560px\" \/>\t\t\t\t\t\t\t\t\t\t\t\t\t\t\t<\/div>\n\t\t\t\t<\/div>\n\t\t\t\t<div class=\"elementor-element elementor-element-0003183 elementor-widget-mobile__width-auto elementor-invisible elementor-widget elementor-widget-image\" data-id=\"0003183\" data-element_type=\"widget\" data-settings=\"{&quot;_animation&quot;:&quot;slideInRight&quot;}\" data-widget_type=\"image.default\">\n\t\t\t\t<div class=\"elementor-widget-container\">\n\t\t\t\t\t\t\t\t\t\t\t\t\t\t\t<img decoding=\"async\" width=\"2560\" height=\"1855\" src=\"https:\/\/quiratrestaurant.com\/wp-content\/uploads\/2026\/03\/Ravioli-de-pollo-de-corral-y-bogavante1-scaled.jpg\" class=\"attachment-full size-full wp-image-7762\" alt=\"Quirat Restaurant | Alta cocina con estrella Michelin en Barcelona\" srcset=\"https:\/\/quiratrestaurant.com\/wp-content\/uploads\/2026\/03\/Ravioli-de-pollo-de-corral-y-bogavante1-scaled.jpg 2560w, https:\/\/quiratrestaurant.com\/wp-content\/uploads\/2026\/03\/Ravioli-de-pollo-de-corral-y-bogavante1-300x217.jpg 300w, https:\/\/quiratrestaurant.com\/wp-content\/uploads\/2026\/03\/Ravioli-de-pollo-de-corral-y-bogavante1-1024x742.jpg 1024w, https:\/\/quiratrestaurant.com\/wp-content\/uploads\/2026\/03\/Ravioli-de-pollo-de-corral-y-bogavante1-768x556.jpg 768w, https:\/\/quiratrestaurant.com\/wp-content\/uploads\/2026\/03\/Ravioli-de-pollo-de-corral-y-bogavante1-1536x1113.jpg 1536w, https:\/\/quiratrestaurant.com\/wp-content\/uploads\/2026\/03\/Ravioli-de-pollo-de-corral-y-bogavante1-2048x1484.jpg 2048w\" sizes=\"(max-width: 2560px) 100vw, 2560px\" \/>\t\t\t\t\t\t\t\t\t\t\t\t\t\t\t<\/div>\n\t\t\t\t<\/div>\n\t\t\t\t\t<\/div>\n\t\t<\/div>\n\t\t\t\t\t\t\t<\/div>\n\t\t<\/section>\n\t\t\t\t<section class=\"elementor-section elementor-top-section elementor-element elementor-element-b1ff163 elementor-section-full_width elementor-section-height-min-height elementor-section-stretched elementor-section-height-default elementor-section-items-middle\" data-id=\"b1ff163\" data-element_type=\"section\" data-settings=\"{&quot;stretch_section&quot;:&quot;section-stretched&quot;}\">\n\t\t\t\t\t\t<div class=\"elementor-container elementor-column-gap-default\">\n\t\t\t\t\t<div class=\"elementor-column elementor-col-50 elementor-top-column elementor-element elementor-element-c05c196\" data-id=\"c05c196\" data-element_type=\"column\">\n\t\t\t<div class=\"elementor-widget-wrap elementor-element-populated\">\n\t\t\t\t\t\t\t\t<div class=\"elementor-element elementor-element-36d7a23 elementor-widget-mobile__width-auto elementor-invisible elementor-widget elementor-widget-image\" data-id=\"36d7a23\" data-element_type=\"widget\" data-settings=\"{&quot;_animation&quot;:&quot;slideInLeft&quot;}\" data-widget_type=\"image.default\">\n\t\t\t\t<div class=\"elementor-widget-container\">\n\t\t\t\t\t\t\t\t\t\t\t\t\t\t\t<img decoding=\"async\" width=\"2560\" height=\"1797\" src=\"https:\/\/quiratrestaurant.com\/wp-content\/uploads\/2026\/03\/Conejo-y-cebolla1-scaled.jpg\" class=\"attachment-full size-full wp-image-7750\" alt=\"Quirat Restaurant | Alta cocina con estrella Michelin en Barcelona\" srcset=\"https:\/\/quiratrestaurant.com\/wp-content\/uploads\/2026\/03\/Conejo-y-cebolla1-scaled.jpg 2560w, https:\/\/quiratrestaurant.com\/wp-content\/uploads\/2026\/03\/Conejo-y-cebolla1-300x211.jpg 300w, https:\/\/quiratrestaurant.com\/wp-content\/uploads\/2026\/03\/Conejo-y-cebolla1-1024x719.jpg 1024w, https:\/\/quiratrestaurant.com\/wp-content\/uploads\/2026\/03\/Conejo-y-cebolla1-768x539.jpg 768w, https:\/\/quiratrestaurant.com\/wp-content\/uploads\/2026\/03\/Conejo-y-cebolla1-1536x1078.jpg 1536w, https:\/\/quiratrestaurant.com\/wp-content\/uploads\/2026\/03\/Conejo-y-cebolla1-2048x1438.jpg 2048w\" sizes=\"(max-width: 2560px) 100vw, 2560px\" \/>\t\t\t\t\t\t\t\t\t\t\t\t\t\t\t<\/div>\n\t\t\t\t<\/div>\n\t\t\t\t<div class=\"elementor-element elementor-element-a60e359 elementor-widget-mobile__width-auto elementor-invisible elementor-widget elementor-widget-image\" data-id=\"a60e359\" data-element_type=\"widget\" data-settings=\"{&quot;_animation&quot;:&quot;slideInLeft&quot;}\" data-widget_type=\"image.default\">\n\t\t\t\t<div class=\"elementor-widget-container\">\n\t\t\t\t\t\t\t\t\t\t\t\t\t\t\t<img loading=\"lazy\" decoding=\"async\" width=\"2560\" height=\"1739\" src=\"https:\/\/quiratrestaurant.com\/wp-content\/uploads\/2026\/03\/Dulces1-scaled.jpg\" class=\"attachment-full size-full wp-image-7758\" alt=\"Quirat Restaurant | Alta cocina con estrella Michelin en Barcelona\" srcset=\"https:\/\/quiratrestaurant.com\/wp-content\/uploads\/2026\/03\/Dulces1-scaled.jpg 2560w, https:\/\/quiratrestaurant.com\/wp-content\/uploads\/2026\/03\/Dulces1-300x204.jpg 300w, https:\/\/quiratrestaurant.com\/wp-content\/uploads\/2026\/03\/Dulces1-1024x696.jpg 1024w, https:\/\/quiratrestaurant.com\/wp-content\/uploads\/2026\/03\/Dulces1-768x522.jpg 768w, https:\/\/quiratrestaurant.com\/wp-content\/uploads\/2026\/03\/Dulces1-1536x1044.jpg 1536w, https:\/\/quiratrestaurant.com\/wp-content\/uploads\/2026\/03\/Dulces1-2048x1391.jpg 2048w\" sizes=\"(max-width: 2560px) 100vw, 2560px\" \/>\t\t\t\t\t\t\t\t\t\t\t\t\t\t\t<\/div>\n\t\t\t\t<\/div>\n\t\t\t\t\t<\/div>\n\t\t<\/div>\n\t\t\t\t<div class=\"elementor-column elementor-col-50 elementor-top-column elementor-element elementor-element-8a428a8 elementor-invisible\" data-id=\"8a428a8\" data-element_type=\"column\" data-settings=\"{&quot;animation&quot;:&quot;slideInUp&quot;}\">\n\t\t\t<div class=\"elementor-widget-wrap elementor-element-populated\">\n\t\t\t\t\t\t\t\t<div class=\"elementor-element elementor-element-9a4c1bd elementor-widget elementor-widget-heading\" data-id=\"9a4c1bd\" data-element_type=\"widget\" data-widget_type=\"heading.default\">\n\t\t\t\t<div class=\"elementor-widget-container\">\n\t\t\t<h2 class=\"elementor-heading-title elementor-size-default\">Menu 18K<\/h2>\t\t<\/div>\n\t\t\t\t<\/div>\n\t\t\t\t<div class=\"elementor-element elementor-element-13c1ca9 elementor-widget elementor-widget-text-editor\" data-id=\"13c1ca9\" data-element_type=\"widget\" data-widget_type=\"text-editor.default\">\n\t\t\t\t<div class=\"elementor-widget-container\">\n\t\t\t\t\t\t\t<p>Vermouth blanc Dos D\u00e9us infus\u00e9 \u00e0 la calendula<\/p><p>Tartelette de petit pois du Maresme et thon rouge<\/p><p>Hu\u00eetre grill\u00e9e et pomme verte<\/p><p>\u201cCoca de llardons\u201d et sardine fum\u00e9e<\/p><p>\u201cMenjar blanc\u201d, couteaux, creveKe rouge et caviar Hedone<\/p><p>Asperge blanche, jaune d\u2019oeuf et joue de porc ib\u00e9rique<\/p><p>Morilles, poulet fermier et foie gras<\/p><p>Turbot, ail nouveau et blettes<\/p><p>Chevreau, cr\u00e8me de pignons et jus d\u2019herbes<\/p><p>Fraises et citron<\/p><p>Notre roul\u00e9<\/p><p>S\u00e9lection de fromages catalans<\/p>\t\t\t\t\t\t<\/div>\n\t\t\t\t<\/div>\n\t\t\t\t<div class=\"elementor-element elementor-element-d4f51d0 elementor-widget__width-initial elementor-widget elementor-widget-heading\" data-id=\"d4f51d0\" data-element_type=\"widget\" data-widget_type=\"heading.default\">\n\t\t\t\t<div class=\"elementor-widget-container\">\n\t\t\t<p class=\"elementor-heading-title elementor-size-default\">110 \u20ac<\/p>\t\t<\/div>\n\t\t\t\t<\/div>\n\t\t\t\t<div class=\"elementor-element elementor-element-5655edb elementor-widget elementor-widget-text-editor\" data-id=\"5655edb\" data-element_type=\"widget\" data-widget_type=\"text-editor.default\">\n\t\t\t\t<div class=\"elementor-widget-container\">\n\t\t\t\t\t\t\t<p data-start=\"0\" data-end=\"40\">Prix en EUR par personne | TVA incluse<\/p><p data-start=\"44\" data-end=\"112\">\u00a0 \u00a0*Le prix de l\u2019accord mets et vins est de 50 EUR et n\u2019est pas inclus<\/p><p data-start=\"114\" data-end=\"139\" data-is-last-node=\"\" data-is-only-node=\"\">Dress Code : Smart Casual<\/p>\t\t\t\t\t\t<\/div>\n\t\t\t\t<\/div>\n\t\t\t\t<div class=\"elementor-element elementor-element-c5aefd4 elementor-widget__width-auto elementor-widget elementor-widget-html\" data-id=\"c5aefd4\" data-element_type=\"widget\" data-widget_type=\"html.default\">\n\t\t\t\t<div class=\"elementor-widget-container\">\n\t\t\t<style>.btn-reservar {\n  display: inline-block;\n  background-color: #E1A325;\n  color: #111; \/* Negro suave *\/\n  font-family: 'Comfortaa', sans-serif;\n  font-size: 14px;\n  font-weight: 400;\n  padding: 12px 21px;\n  text-align: center;\n  text-decoration: none;\n  clip-path: polygon(10% 0%, 90% 0%, 100% 20%, 100% 80%, 90% 100%, 10% 100%, 0% 80%, 0% 20%);\n  transition: background-color 0.3s ease, color 0.3s ease;\n}\n\n.btn-reservar:hover {\n  background-color: #fff;\n  color: #E1A325;\n  cursor: pointer;\n}\n<\/style>\n<a href=\"https:\/\/widget.thefork.com\/es\/f66ab35a-dd81-4832-8a63-1bb0104af32c?utm_source=quiratrestaurant.com\" class=\"btn-reservar\" target=\"_blank\" rel=\"noopener\">\n  R\u00c9S\u00c9RVER\n<\/a>\t\t<\/div>\n\t\t\t\t<\/div>\n\t\t\t\t\t<\/div>\n\t\t<\/div>\n\t\t\t\t\t\t\t<\/div>\n\t\t<\/section>\n\t\t\t\t<section class=\"elementor-section elementor-top-section elementor-element elementor-element-c79330f elementor-section-full_width elementor-section-height-min-height elementor-section-stretched elementor-section-height-default elementor-section-items-middle elementor-invisible\" data-id=\"c79330f\" data-element_type=\"section\" data-settings=\"{&quot;stretch_section&quot;:&quot;section-stretched&quot;,&quot;background_background&quot;:&quot;classic&quot;,&quot;animation&quot;:&quot;fadeIn&quot;,&quot;animation_delay&quot;:300}\">\n\t\t\t\t\t\t<div class=\"elementor-container elementor-column-gap-default\">\n\t\t\t\t\t<div class=\"elementor-column elementor-col-100 elementor-top-column elementor-element elementor-element-607cd3d\" data-id=\"607cd3d\" data-element_type=\"column\">\n\t\t\t<div class=\"elementor-widget-wrap\">\n\t\t\t\t\t\t\t\t\t<\/div>\n\t\t<\/div>\n\t\t\t\t\t\t\t<\/div>\n\t\t<\/section>\n\t\t\t\t<section class=\"elementor-section elementor-top-section elementor-element elementor-element-335ce97 elementor-section-boxed elementor-section-height-default elementor-section-height-default\" data-id=\"335ce97\" data-element_type=\"section\">\n\t\t\t\t\t\t<div class=\"elementor-container elementor-column-gap-default\">\n\t\t\t\t\t<div class=\"elementor-column elementor-col-100 elementor-top-column elementor-element elementor-element-86a76e7\" data-id=\"86a76e7\" data-element_type=\"column\">\n\t\t\t<div class=\"elementor-widget-wrap elementor-element-populated\">\n\t\t\t\t\t\t\t\t\t<\/div>\n\t\t<\/div>\n\t\t\t\t\t\t\t<\/div>\n\t\t<\/section>\n\t\t\t\t\t\t\t<\/div>\n\t\t","protected":false},"excerpt":{"rendered":"<p>Nous suivons le cycle naturel de la vie Notre carte s\u2019adapte aux diff\u00e9rentes saisons et vous propose des interpr\u00e9tations d\u2019auteur exclusives cr\u00e9\u00e9es par V\u00edctor Torres. Guid\u00e9es par le respect de la terre, nos cr\u00e9ations culinaires sont \u00e9labor\u00e9es avec des produits de proximit\u00e9 pour vous offrir une gastronomie durable. Menu 24K Vermouth blanc Dos D\u00e9us infus\u00e9 &#8230; <a title=\"MENU\" class=\"read-more\" href=\"https:\/\/quiratrestaurant.com\/fr\/gastronomia\/\" aria-label=\"En savoir plus sur MENU\">Lire la suite<\/a><\/p>\n","protected":false},"author":1,"featured_media":0,"parent":0,"menu_order":0,"comment_status":"closed","ping_status":"closed","template":"templates\/global.php","meta":{"inline_featured_image":false},"acf":[],"_links":{"self":[{"href":"https:\/\/quiratrestaurant.com\/fr\/wp-json\/wp\/v2\/pages\/3171"}],"collection":[{"href":"https:\/\/quiratrestaurant.com\/fr\/wp-json\/wp\/v2\/pages"}],"about":[{"href":"https:\/\/quiratrestaurant.com\/fr\/wp-json\/wp\/v2\/types\/page"}],"author":[{"embeddable":true,"href":"https:\/\/quiratrestaurant.com\/fr\/wp-json\/wp\/v2\/users\/1"}],"replies":[{"embeddable":true,"href":"https:\/\/quiratrestaurant.com\/fr\/wp-json\/wp\/v2\/comments?post=3171"}],"version-history":[{"count":187,"href":"https:\/\/quiratrestaurant.com\/fr\/wp-json\/wp\/v2\/pages\/3171\/revisions"}],"predecessor-version":[{"id":7841,"href":"https:\/\/quiratrestaurant.com\/fr\/wp-json\/wp\/v2\/pages\/3171\/revisions\/7841"}],"wp:attachment":[{"href":"https:\/\/quiratrestaurant.com\/fr\/wp-json\/wp\/v2\/media?parent=3171"}],"curies":[{"name":"wp","href":"https:\/\/api.w.org\/{rel}","templated":true}]}}